{"id":5960,"date":"2026-04-09T15:16:50","date_gmt":"2026-04-09T15:16:50","guid":{"rendered":"https:\/\/www.fagas.co\/portal\/?page_id=5960"},"modified":"2026-04-09T16:44:46","modified_gmt":"2026-04-09T16:44:46","slug":"dia-del-nino","status":"publish","type":"page","link":"https:\/\/www.fagas.co\/portal\/dia-del-nino\/","title":{"rendered":"Dia del Ni\u00f1o"},"content":{"rendered":"<div class=\"wpb-content-wrapper\">[vc_row pix_particles_check=&#8221;&#8221;][vc_column][vc_column_text css=&#8221;&#8221;]<h5><span style=\"font-size: 16px;\"><strong>Seleccione la opci\u00f3n:<\/strong><\/span><\/h5>[\/vc_column_text][\/vc_column][\/vc_row][vc_row pix_particles_check=&#8221;&#8221;][vc_column width=&#8221;1\/2&#8243;][vc_btn title=&#8221;<b>Requisitos para participar &#8211; ACTIVIDAD D\u00cdA DEL NI\u00d1O. Clic aqu\u00ed<\/b>&#8221; style=&#8221;gradient-custom&#8221; gradient_custom_color_1=&#8221;#F28633&#8243; gradient_custom_color_2=&#8221;#F28633&#8243; gradient_text_color=&#8221;#000000&#8243; align=&#8221;center&#8221; css=&#8221;.vc_custom_1775753082911{margin-top: 0px !important;border-top-width: 0px !important;padding-top: 0px !important;}&#8221; button_block=&#8221;true&#8221; link=&#8221;url:https%3A%2F%2Fwww.fagas.co%2Fportal%2Fwp-content%2Fuploads%2F2026%2F04%2FDia_del_Nino_2026-2.pdf|target:_blank&#8221;][\/vc_column][vc_column width=&#8221;1\/2&#8243;][vc_btn title=&#8221;<b>Clic aqu\u00ed para inscribirse<\/b>&#8221; style=&#8221;gradient-custom&#8221; gradient_custom_color_1=&#8221;#F28633&#8243; gradient_custom_color_2=&#8221;#F28633&#8243; gradient_text_color=&#8221;#000000&#8243; align=&#8221;center&#8221; css=&#8221;.vc_custom_1775748373185{margin-top: 0px !important;border-top-width: 0px !important;padding-top: 0px !important;}&#8221; button_block=&#8221;true&#8221; link=&#8221;url:https%3A%2F%2Fforms.office.com%2Fr%2FQzpwkjwPUk|target:_blank&#8221;][\/vc_column][\/vc_row][vc_row pix_particles_check=&#8221;&#8221;][vc_column][vc_column_text css=&#8221;&#8221;]<a href=\" https:\/\/forms.office.com\/r\/QzpwkjwPUk \" target=\"_blank\" rel=\"noopener\"><img loading=\"lazy\" decoding=\"async\" class=\"alignnone wp-image-5963 size-full\" src=\"https:\/\/www.fagas.co\/portal\/wp-content\/uploads\/2026\/04\/Dia-del-nino-1-scaled.jpg\" alt=\"\" width=\"2560\" height=\"800\" srcset=\"https:\/\/www.fagas.co\/portal\/wp-content\/uploads\/2026\/04\/Dia-del-nino-1-scaled.jpg 2560w, https:\/\/www.fagas.co\/portal\/wp-content\/uploads\/2026\/04\/Dia-del-nino-1-300x94.jpg 300w, https:\/\/www.fagas.co\/portal\/wp-content\/uploads\/2026\/04\/Dia-del-nino-1-1024x320.jpg 1024w, https:\/\/www.fagas.co\/portal\/wp-content\/uploads\/2026\/04\/Dia-del-nino-1-768x240.jpg 768w, https:\/\/www.fagas.co\/portal\/wp-content\/uploads\/2026\/04\/Dia-del-nino-1-1536x480.jpg 1536w, https:\/\/www.fagas.co\/portal\/wp-content\/uploads\/2026\/04\/Dia-del-nino-1-2048x640.jpg 2048w\" sizes=\"auto, (max-width: 2560px) 100vw, 2560px\" \/><\/a>[\/vc_column_text][\/vc_column][\/vc_row]<\/div>","protected":false},"excerpt":{"rendered":"[vc_row pix_particles_check=&#8221;&#8221;][vc_column][vc_column_text css=&#8221;&#8221;]Seleccione la opci\u00f3n:[\/vc_column_text][\/vc_column][\/vc_row][vc_row pix_particles_check=&#8221;&#8221;][vc_column width=&#8221;1\/2&#8243;][vc_btn title=&#8221;Requisitos para participar &#8211; ACTIVIDAD D\u00cdA DEL NI\u00d1O. Clic aqu\u00ed&#8221; style=&#8221;gradient-custom&#8221; gradient_custom_color_1=&#8221;#F28633&#8243; gradient_custom_color_2=&#8221;#F28633&#8243; gradient_text_color=&#8221;#000000&#8243; align=&#8221;center&#8221; css=&#8221;.vc_custom_1775753082911{margin-top: 0px !important;border-top-width: 0px !important;padding-top: 0px !important;}&#8221; button_block=&#8221;true&#8221; link=&#8221;url:https%3A%2F%2Fwww.fagas.co%2Fportal%2Fwp-content%2Fuploads%2F2026%2F04%2FDia_del_Nino_2026-2.pdf|target:_blank&#8221;][\/vc_column][vc_column width=&#8221;1\/2&#8243;][vc_btn title=&#8221;Clic aqu\u00ed para inscribirse&#8221; style=&#8221;gradient-custom&#8221; gradient_custom_color_1=&#8221;#F28633&#8243; gradient_custom_color_2=&#8221;#F28633&#8243; gradient_text_color=&#8221;#000000&#8243;&#8230;","protected":false},"author":1,"featured_media":0,"parent":0,"menu_order":0,"comment_status":"closed","ping_status":"closed","template":"","meta":{"_acf_changed":false,"footnotes":""},"class_list":["post-5960","page","type-page","status-publish","hentry"],"acf":[],"_links":{"self":[{"href":"https:\/\/www.fagas.co\/portal\/wp-json\/wp\/v2\/pages\/5960","targetHints":{"allow":["GET"]}}],"collection":[{"href":"https:\/\/www.fagas.co\/portal\/wp-json\/wp\/v2\/pages"}],"about":[{"href":"https:\/\/www.fagas.co\/portal\/wp-json\/wp\/v2\/types\/page"}],"author":[{"embeddable":true,"href":"https:\/\/www.fagas.co\/portal\/wp-json\/wp\/v2\/users\/1"}],"replies":[{"embeddable":true,"href":"https:\/\/www.fagas.co\/portal\/wp-json\/wp\/v2\/comments?post=5960"}],"version-history":[{"count":6,"href":"https:\/\/www.fagas.co\/portal\/wp-json\/wp\/v2\/pages\/5960\/revisions"}],"predecessor-version":[{"id":5983,"href":"https:\/\/www.fagas.co\/portal\/wp-json\/wp\/v2\/pages\/5960\/revisions\/5983"}],"wp:attachment":[{"href":"https:\/\/www.fagas.co\/portal\/wp-json\/wp\/v2\/media?parent=5960"}],"curies":[{"name":"wp","href":"https:\/\/api.w.org\/{rel}","templated":true}]}}