{"id":5801,"date":"2026-01-06T22:13:17","date_gmt":"2026-01-06T22:13:17","guid":{"rendered":"https:\/\/www.fagas.co\/portal\/?page_id=5119"},"modified":"2026-01-06T22:13:17","modified_gmt":"2026-01-06T22:13:17","slug":"asamblea2026","status":"publish","type":"page","link":"https:\/\/www.fagas.co\/portal\/asamblea2026\/","title":{"rendered":"XLIII Asamblea General"},"content":{"rendered":"<div class=\"wpb-content-wrapper\"><p>[vc_row][vc_column width=&#8221;2\/3&#8243;][vc_btn title=&#8221;<b>Informe de Gesti\u00f3n 2025<\/b>&#8221; style=&#8221;gradient-custom&#8221; gradient_custom_color_1=&#8221;#f68731&#8243; gradient_custom_color_2=&#8221;#f68731&#8243; gradient_text_color=&#8221;#000000&#8243; size=&#8221;lg&#8221; align=&#8221;center&#8221; i_icon_fontawesome=&#8221;fas fa-file&#8221; button_block=&#8221;true&#8221; add_icon=&#8221;true&#8221; link=&#8221;url:https%3A%2F%2Fwww.fagas.co%2Fportal%2Fwp-content%2Fuploads%2F2026%2F03%2FInformeGestion_2025-1.pdf|target:_blank&#8221;][vc_btn title=&#8221;<b>Delegados Elegidos XLIII Asamblea General<\/b>&#8221; style=&#8221;gradient-custom&#8221; gradient_custom_color_1=&#8221;#f68731&#8243; gradient_custom_color_2=&#8221;#f68731&#8243; gradient_text_color=&#8221;#000000&#8243; size=&#8221;lg&#8221; align=&#8221;center&#8221; i_icon_fontawesome=&#8221;fas fa-file&#8221; button_block=&#8221;true&#8221; add_icon=&#8221;true&#8221; link=&#8221;url:https%3A%2F%2Fwww.fagas.co%2Fportal%2Fwp-content%2Fuploads%2F2026%2F02%2FDelegados.pdf|target:_blank&#8221;][vc_btn title=&#8221;<b>Reforma de Estatutos Fagas<\/b>&#8221; style=&#8221;gradient-custom&#8221; gradient_custom_color_1=&#8221;#f68731&#8243; gradient_custom_color_2=&#8221;#f68731&#8243; gradient_text_color=&#8221;#000000&#8243; size=&#8221;lg&#8221; align=&#8221;center&#8221; i_icon_fontawesome=&#8221;fas fa-file&#8221; button_block=&#8221;true&#8221; add_icon=&#8221;true&#8221; link=&#8221;url:https%3A%2F%2Fwww.fagas.co%2Fportal%2Fwp-content%2Fuploads%2F2026%2F02%2FReformaEstatutos.pdf|target:_blank&#8221;][vc_btn title=&#8221;<b>C\u00f3digo Buen Gobierno Fagas <\/b>&#8221; style=&#8221;gradient-custom&#8221; gradient_custom_color_1=&#8221;#f68731&#8243; gradient_custom_color_2=&#8221;#f68731&#8243; gradient_text_color=&#8221;#000000&#8243; size=&#8221;lg&#8221; align=&#8221;center&#8221; i_icon_fontawesome=&#8221;fas fa-file&#8221; button_block=&#8221;true&#8221; add_icon=&#8221;true&#8221; link=&#8221;url:https%3A%2F%2Fwww.fagas.co%2Fportal%2Fwp-content%2Fuploads%2F2026%2F02%2FCodigo-Buen-Gobierno-y-Etica.pdf|target:_blank&#8221;][vc_btn title=&#8221;Convocatoria a la XLIII Asamblea General Ordinaria de Delegados \u00a1Nuestro Encuentro de Participaci\u00f3n y Democracia!&#8221; style=&#8221;gradient-custom&#8221; gradient_custom_color_1=&#8221;#156082&#8243; gradient_custom_color_2=&#8221;#156082&#8243; size=&#8221;lg&#8221; align=&#8221;center&#8221; i_icon_fontawesome=&#8221;fas fa-file&#8221; button_block=&#8221;true&#8221; add_icon=&#8221;true&#8221; link=&#8221;url:https%3A%2F%2Fwww.fagas.co%2Fportal%2Fwp-content%2Fuploads%2F2026%2F01%2FConvocatoria_XLIII.pdf|target:_blank&#8221;][vc_btn title=&#8221;CONVOCATORIA A ELECCI\u00d3N DE DELEGADOS&#8221; style=&#8221;gradient-custom&#8221; gradient_custom_color_1=&#8221;#156082&#8243; gradient_custom_color_2=&#8221;#156082&#8243; size=&#8221;lg&#8221; align=&#8221;center&#8221; i_icon_fontawesome=&#8221;fas fa-file&#8221; button_block=&#8221;true&#8221; add_icon=&#8221;true&#8221; link=&#8221;url:https%3A%2F%2Fwww.fagas.co%2Fportal%2Fwp-content%2Fuploads%2F2026%2F01%2FDelegados_XLIII.pdf|target:_blank&#8221;][vc_btn title=&#8221;FORMATO DE SOLICITUD DE INSCRIPCION&#8221; style=&#8221;gradient-custom&#8221; gradient_custom_color_1=&#8221;#156082&#8243; gradient_custom_color_2=&#8221;#156082&#8243; size=&#8221;lg&#8221; align=&#8221;center&#8221; i_icon_fontawesome=&#8221;fas fa-file&#8221; button_block=&#8221;true&#8221; add_icon=&#8221;true&#8221; link=&#8221;url:https%3A%2F%2Fwww.fagas.co%2Fportal%2Fwp-content%2Fuploads%2F2026%2F01%2FFormato_Delegados_2026.pdf|target:_blank&#8221;][vc_btn title=&#8221;LISTADO DE ASOCIADOS INH\u00c1BILES&#8221; style=&#8221;gradient-custom&#8221; gradient_custom_color_1=&#8221;#156082&#8243; gradient_custom_color_2=&#8221;#156082&#8243; size=&#8221;lg&#8221; align=&#8221;center&#8221; i_icon_fontawesome=&#8221;fas fa-file&#8221; button_block=&#8221;true&#8221; add_icon=&#8221;true&#8221; link=&#8221;url:https%3A%2F%2Fwww.fagas.co%2Fportal%2Fwp-content%2Fuploads%2F2026%2F01%2FAsociadosInhabiles-1.pdf|target:_blank&#8221;][vc_tta_accordion title_tag=&#8221;h5&#8243; color=&#8221;green&#8221; active_section=&#8221;1&#8243;][vc_tta_section i_icon_fontawesome=&#8221;far fa-file-alt&#8221; add_icon=&#8221;true&#8221; title=&#8221;Comunicados&#8221; tab_id=&#8221;1767816627816-f323d68e-ec76&#8243;][vc_column_text]<\/p>\n<ul>\n<li><a href=\"https:\/\/www.fagas.co\/portal\/wp-content\/uploads\/2026\/01\/Comunicado1-2.pdf\" target=\"_blank\" rel=\"noopener\"><span dir=\"auto\" style=\"vertical-align: inherit;\"><span dir=\"auto\" style=\"vertical-align: inherit;\"><span dir=\"auto\" style=\"vertical-align: inherit;\"><span dir=\"auto\" style=\"vertical-align: inherit;\">COMUNICADO No. 1 Convocatoria XLIII Asamblea General <\/span><\/span><\/span><\/span><\/a><span dir=\"auto\" style=\"vertical-align: inherit;\"><span dir=\"auto\" style=\"vertical-align: inherit;\"><span dir=\"auto\" style=\"vertical-align: inherit;\"><span dir=\"auto\" style=\"vertical-align: inherit;\">(enero de 2026)<\/span><\/span><\/span><\/span><\/li>\n<li><a href=\"https:\/\/www.fagas.co\/portal\/wp-content\/uploads\/2026\/01\/Comunicado2.pdf\" target=\"_blank\" rel=\"noopener\"><span dir=\"auto\" style=\"vertical-align: inherit;\"><span dir=\"auto\" style=\"vertical-align: inherit;\"><span dir=\"auto\" style=\"vertical-align: inherit;\"><span dir=\"auto\" style=\"vertical-align: inherit;\">COMUNICADO No. 2 Convocatoria XLIII Asamblea General<\/span><\/span><\/span><\/span><\/a><span dir=\"auto\" style=\"vertical-align: inherit;\"><span dir=\"auto\" style=\"vertical-align: inherit;\"><span dir=\"auto\" style=\"vertical-align: inherit;\"><span dir=\"auto\" style=\"vertical-align: inherit;\">(enero 22 de 2026)<\/span><\/span><\/span><\/span><\/li>\n<li><a href=\"https:\/\/www.fagas.co\/portal\/wp-content\/uploads\/2026\/02\/Comunicado3-1.pdf\" target=\"_blank\" rel=\"noopener\"><span dir=\"auto\" style=\"vertical-align: inherit;\"><span dir=\"auto\" style=\"vertical-align: inherit;\"><span dir=\"auto\" style=\"vertical-align: inherit;\"><span dir=\"auto\" style=\"vertical-align: inherit;\">COMUNICADO No. 3 Participaci\u00f3n de los Asociados en la Elecci\u00f3n de Delegados y Comit\u00e9 de Apelaciones\u00a0<\/span><\/span><\/span><\/span><\/a><\/li>\n<li><a href=\"https:\/\/www.fagas.co\/portal\/wp-content\/uploads\/2026\/02\/Comunicado4.pdf\" target=\"_blank\" rel=\"noopener\"><span dir=\"auto\" style=\"vertical-align: inherit;\"><span dir=\"auto\" style=\"vertical-align: inherit;\"><span dir=\"auto\" style=\"vertical-align: inherit;\"><span dir=\"auto\" style=\"vertical-align: inherit;\">COMUNICADO No. 4 Inicio del Proceso de Votaci\u00f3n para Elecci\u00f3n de delegados <\/span><\/span><\/span><\/span><\/a><span dir=\"auto\" style=\"vertical-align: inherit;\"><span dir=\"auto\" style=\"vertical-align: inherit;\"><span dir=\"auto\" style=\"vertical-align: inherit;\"><span dir=\"auto\" style=\"vertical-align: inherit;\">(febrero 06 de 2026)<\/span><\/span><\/span><\/span><\/li>\n<li><a href=\"https:\/\/www.fagas.co\/portal\/wp-content\/uploads\/2026\/02\/Comunicado5.pdf\" target=\"_blank\" rel=\"noopener\"><span dir=\"auto\" style=\"vertical-align: inherit;\"><span dir=\"auto\" style=\"vertical-align: inherit;\"><span dir=\"auto\" style=\"vertical-align: inherit;\"><span dir=\"auto\" style=\"vertical-align: inherit;\">COMUNICADO No. 5 Preguntas Frecuentes (FAQ) Acerca de Votaciones de Delegados <\/span><\/span><\/span><\/span><\/a><span dir=\"auto\" style=\"vertical-align: inherit;\"><span dir=\"auto\" style=\"vertical-align: inherit;\"><span dir=\"auto\" style=\"vertical-align: inherit;\"><span dir=\"auto\" style=\"vertical-align: inherit;\">(febrero 06 de 2026)<\/span><\/span><\/span><\/span><\/li>\n<li><span dir=\"auto\" style=\"vertical-align: inherit;\"><span dir=\"auto\" style=\"vertical-align: inherit;\"><span dir=\"auto\" style=\"vertical-align: inherit;\"><span dir=\"auto\" style=\"vertical-align: inherit;\">COMUNICADO No. 6 <a href=\"https:\/\/www.fagas.co\/portal\/wp-content\/uploads\/2026\/02\/DocumentoExplicativo.pdf\" target=\"_blank\" rel=\"noopener\">Documento Explicativo Reforma de Estatutos y C\u00f3digo de buen gobierno documentos anexos <\/a><\/span><\/span><\/span><\/span><strong><span dir=\"auto\" style=\"vertical-align: inherit;\"><span dir=\"auto\" style=\"vertical-align: inherit;\"><span dir=\"auto\" style=\"vertical-align: inherit;\"><span dir=\"auto\" style=\"vertical-align: inherit;\">(febrero 18 de 2026)<\/span><\/span><\/span><\/span><\/strong><\/li>\n<\/ul>\n<p>[\/vc_column_text][\/vc_tta_section][\/vc_tta_accordion][\/vc_column][vc_column width=&#8221;1\/3&#8243;][vc_column_text css=&#8221;.vc_custom_1767799661150{margin-top: -5px !important;}&#8221;]<a href=\"https:\/\/www.fagas.co\/portal\/wp-content\/uploads\/2026\/01\/ABC_Asamblea-1.pdf\" target=\"_blank\" rel=\"noopener\"><img loading=\"lazy\" decoding=\"async\" class=\"alignnone wp-image-5131 size-full\" src=\"https:\/\/www.fagas.co\/portal\/wp-content\/uploads\/2026\/01\/banner2-2.png\" alt=\"\" width=\"500\" height=\"682\" \/><\/a>[\/vc_column_text][\/vc_column][\/vc_row]<\/p>\n<\/div>","protected":false},"excerpt":{"rendered":"[vc_row][vc_column width=&#8221;2\/3&#8243;][vc_btn title=&#8221;Informe de Gesti\u00f3n 2025&#8221; style=&#8221;gradient-custom&#8221; gradient_custom_color_1=&#8221;#f68731&#8243; gradient_custom_color_2=&#8221;#f68731&#8243; gradient_text_color=&#8221;#000000&#8243; size=&#8221;lg&#8221; align=&#8221;center&#8221; i_icon_fontawesome=&#8221;fas fa-file&#8221; button_block=&#8221;true&#8221; add_icon=&#8221;true&#8221; link=&#8221;url:https%3A%2F%2Fwww.fagas.co%2Fportal%2Fwp-content%2Fuploads%2F2026%2F03%2FInformeGestion_2025-1.pdf|target:_blank&#8221;][vc_btn title=&#8221;Delegados Elegidos XLIII Asamblea General&#8221; style=&#8221;gradient-custom&#8221; gradient_custom_color_1=&#8221;#f68731&#8243; gradient_custom_color_2=&#8221;#f68731&#8243; gradient_text_color=&#8221;#000000&#8243; size=&#8221;lg&#8221; align=&#8221;center&#8221; i_icon_fontawesome=&#8221;fas fa-file&#8221; button_block=&#8221;true&#8221; add_icon=&#8221;true&#8221; link=&#8221;url:https%3A%2F%2Fwww.fagas.co%2Fportal%2Fwp-content%2Fuploads%2F2026%2F02%2FDelegados.pdf|target:_blank&#8221;][vc_btn title=&#8221;Reforma de Estatutos Fagas&#8221; style=&#8221;gradient-custom&#8221; gradient_custom_color_1=&#8221;#f68731&#8243; gradient_custom_color_2=&#8221;#f68731&#8243;&#8230;","protected":false},"author":1,"featured_media":0,"parent":0,"menu_order":0,"comment_status":"closed","ping_status":"closed","template":"","meta":{"_acf_changed":false,"footnotes":""},"class_list":["post-5801","page","type-page","status-publish","hentry"],"acf":[],"_links":{"self":[{"href":"https:\/\/www.fagas.co\/portal\/wp-json\/wp\/v2\/pages\/5801","targetHints":{"allow":["GET"]}}],"collection":[{"href":"https:\/\/www.fagas.co\/portal\/wp-json\/wp\/v2\/pages"}],"about":[{"href":"https:\/\/www.fagas.co\/portal\/wp-json\/wp\/v2\/types\/page"}],"author":[{"embeddable":true,"href":"https:\/\/www.fagas.co\/portal\/wp-json\/wp\/v2\/users\/1"}],"replies":[{"embeddable":true,"href":"https:\/\/www.fagas.co\/portal\/wp-json\/wp\/v2\/comments?post=5801"}],"version-history":[{"count":1,"href":"https:\/\/www.fagas.co\/portal\/wp-json\/wp\/v2\/pages\/5801\/revisions"}],"predecessor-version":[{"id":5802,"href":"https:\/\/www.fagas.co\/portal\/wp-json\/wp\/v2\/pages\/5801\/revisions\/5802"}],"wp:attachment":[{"href":"https:\/\/www.fagas.co\/portal\/wp-json\/wp\/v2\/media?parent=5801"}],"curies":[{"name":"wp","href":"https:\/\/api.w.org\/{rel}","templated":true}]}}