{"id":5381,"date":"2025-11-14T12:29:16","date_gmt":"2025-11-14T12:29:16","guid":{"rendered":"https:\/\/www.fagas.co\/portal\/?page_id=5381"},"modified":"2026-04-07T00:43:00","modified_gmt":"2026-04-07T00:43:00","slug":"convenios-2025","status":"publish","type":"page","link":"https:\/\/www.fagas.co\/portal\/convenios-2025\/","title":{"rendered":"Convenios 2025"},"content":{"rendered":"<div class=\"wpb-content-wrapper\">[vc_section full_width=&#8221;stretch_row&#8221; css_animation=&#8221;none&#8221; pix_bg_grdient=&#8221;bg-gradient-primary&#8221; pix_over_visibility=&#8221;&#8221; bottom_divider_select=&#8221;dynamic&#8221; bottom_moving_divider_color=&#8221;%5B%7B%22d_color_1%22%3A%22rgba(255%2C255%2C255%2C0.25)%22%2C%22d_color_2%22%3A%22%23f8f9fa%22%7D%2C%7B%22d_color_1%22%3A%22rgba(255%2C255%2C255%2C0.5)%22%2C%22d_color_2%22%3A%22%23f8f9fa%22%7D%2C%7B%22d_color_1%22%3A%22%23ffffff%22%2C%22d_color_2%22%3A%22%23f8f9fa%22%7D%5D&#8221; pix_overlay_color=&#8221;gradient-primary&#8221; pix_overlay_opacity=&#8221;0.85&#8243;][vc_row full_width=&#8221;stretch_row_content_no_spaces&#8221; pix_particles_check=&#8221;&#8221; css=&#8221;.vc_custom_1775236076960{margin-top: -30px !important;}&#8221;][vc_column content_align=&#8221;text-center&#8221;]<div id=\"img-ff88b67df223c4da822b3f773b1bd217\" class=\"pix-img-element d-inline-block \"  ><div class=\"pix-img-el     text-left d-inline-block  w-100 rounded-0\"  ><img decoding=\"async\" width=\"1900\" height=\"368\" src=\"https:\/\/www.fagas.co\/portal\/wp-content\/uploads\/2026\/04\/tocnvenios.png\" class=\"pix-img-elem rounded-0\" alt=\"Image link\" srcset=\"https:\/\/www.fagas.co\/portal\/wp-content\/uploads\/2026\/04\/tocnvenios.png 1900w, https:\/\/www.fagas.co\/portal\/wp-content\/uploads\/2026\/04\/tocnvenios-300x58.png 300w, https:\/\/www.fagas.co\/portal\/wp-content\/uploads\/2026\/04\/tocnvenios-1024x198.png 1024w, https:\/\/www.fagas.co\/portal\/wp-content\/uploads\/2026\/04\/tocnvenios-768x149.png 768w, https:\/\/www.fagas.co\/portal\/wp-content\/uploads\/2026\/04\/tocnvenios-1536x297.png 1536w\" sizes=\"auto, (max-width: 1900px) 100vw, 1900px\" loading=\"lazy\" \/><\/div><\/div>[\/vc_column][\/vc_row][\/vc_section][vc_section full_width=&#8221;stretch_row&#8221; pix_over_visibility=&#8221;&#8221; responsive_css=&#8221;{&#8220;pix_res_sm_pt&#8220;:&#8220;30&#8220;,&#8220;pix_res_sm_pb&#8220;:&#8220;30&#8220;,&#8220;pix_res_md_pb&#8220;:&#8220;60&#8220;}&#8221; css=&#8221;.vc_custom_1775235185102{margin-top: -20px !important;background-color: #ffffff !important;}&#8221;][vc_row pix_particles_check=&#8221;&#8221;][vc_column][vc_column_text css=&#8221;&#8221;]<strong>FAGAS<\/strong> le ofrece una gran variedad de convenios con una alta calidad en la prestaci\u00f3n de servicios, que tienen como objetivo satisfacer las necesidades de nuestros asociados y su grupo familiar, con tarifas preferenciales y atractivos descuentos. <strong>Seleccione el logo de su inter\u00e9s para m\u00e1s informaci\u00f3n.<\/strong>[\/vc_column_text][\/vc_column][\/vc_row][vc_row pix_particles_check=&#8221;&#8221;][vc_column width=&#8221;1\/4&#8243;]<a href=\"#pix_popup_5730\"  aria-label=\"Story\" class=\"\" data-stories=\"[]\" ><div class=\"pix-story d-inline-block  text-left\"><div class=\"story-img pix-bg-attachment-scroll pix-bg-custom   pix-no-bg text-left d-inline-block\" ><img decoding=\"async\" width=\"210\" height=\"208\" src=\"https:\/\/www.fagas.co\/portal\/wp-content\/uploads\/2026\/04\/turismo.png\" class=\"rounded-circle bg-white pix-fit-cover img-fluid hover-effect \" alt=\"Turismo\" style=\"width:200px;height:200px;\" srcset=\"https:\/\/www.fagas.co\/portal\/wp-content\/uploads\/2026\/04\/turismo.png 210w, https:\/\/www.fagas.co\/portal\/wp-content\/uploads\/2026\/04\/turismo-150x150.png 150w, https:\/\/www.fagas.co\/portal\/wp-content\/uploads\/2026\/04\/turismo-75x75.png 75w\" sizes=\"auto, (max-width: 210px) 100vw, 210px\" loading=\"lazy\" \/><\/div><div class=\"pix-px-5  text-body-default text-center \" ><b>Turismo<\/b><\/div><\/div><\/a>[\/vc_column][vc_column width=&#8221;1\/4&#8243;]<a href=\"#pix_popup_5737\"  aria-label=\"Story\" class=\"\" data-stories=\"[]\" ><div class=\"pix-story d-inline-block  text-left\"><div class=\"story-img pix-bg-attachment-scroll pix-bg-custom   pix-no-bg text-left d-inline-block\" ><img decoding=\"async\" width=\"210\" height=\"208\" src=\"https:\/\/www.fagas.co\/portal\/wp-content\/uploads\/2026\/04\/entretenimiento.png\" class=\"rounded-circle bg-white pix-fit-cover img-fluid hover-effect \" alt=\"Entretenimiento\" style=\"width:200px;height:200px;\" srcset=\"https:\/\/www.fagas.co\/portal\/wp-content\/uploads\/2026\/04\/entretenimiento.png 210w, https:\/\/www.fagas.co\/portal\/wp-content\/uploads\/2026\/04\/entretenimiento-150x150.png 150w, https:\/\/www.fagas.co\/portal\/wp-content\/uploads\/2026\/04\/entretenimiento-75x75.png 75w\" sizes=\"auto, (max-width: 210px) 100vw, 210px\" loading=\"lazy\" \/><\/div><div class=\"pix-px-5  text-body-default text-center \" ><b>Entretenimiento<\/b><\/div><\/div><\/a>[\/vc_column][vc_column width=&#8221;1\/4&#8243;]<a href=\"#pix_popup_5744\"  aria-label=\"Story\" class=\"\" data-stories=\"[]\" ><div class=\"pix-story d-inline-block  text-left\"><div class=\"story-img pix-bg-attachment-scroll pix-bg-custom   pix-no-bg text-left d-inline-block\" ><img decoding=\"async\" width=\"210\" height=\"208\" src=\"https:\/\/www.fagas.co\/portal\/wp-content\/uploads\/2026\/04\/salud.png\" class=\"rounded-circle bg-white pix-fit-cover img-fluid hover-effect \" alt=\"Salud\" style=\"width:200px;height:200px;\" srcset=\"https:\/\/www.fagas.co\/portal\/wp-content\/uploads\/2026\/04\/salud.png 210w, https:\/\/www.fagas.co\/portal\/wp-content\/uploads\/2026\/04\/salud-150x150.png 150w, https:\/\/www.fagas.co\/portal\/wp-content\/uploads\/2026\/04\/salud-75x75.png 75w\" sizes=\"auto, (max-width: 210px) 100vw, 210px\" loading=\"lazy\" \/><\/div><div class=\"pix-px-5  text-body-default text-center \" ><b>Salud<\/b><\/div><\/div><\/a>[\/vc_column][vc_column width=&#8221;1\/4&#8243;]<a href=\"#pix_popup_5940\"  aria-label=\"Story\" class=\"\" data-stories=\"[]\" ><div class=\"pix-story d-inline-block  text-left\"><div class=\"story-img pix-bg-attachment-scroll pix-bg-custom   pix-no-bg text-left d-inline-block\" ><img decoding=\"async\" width=\"210\" height=\"208\" src=\"https:\/\/www.fagas.co\/portal\/wp-content\/uploads\/2026\/04\/hogar.png\" class=\"rounded-circle bg-white pix-fit-cover img-fluid hover-effect \" alt=\"Hogar\" style=\"width:200px;height:200px;\" srcset=\"https:\/\/www.fagas.co\/portal\/wp-content\/uploads\/2026\/04\/hogar.png 210w, https:\/\/www.fagas.co\/portal\/wp-content\/uploads\/2026\/04\/hogar-150x150.png 150w, https:\/\/www.fagas.co\/portal\/wp-content\/uploads\/2026\/04\/hogar-75x75.png 75w\" sizes=\"auto, (max-width: 210px) 100vw, 210px\" loading=\"lazy\" \/><\/div><div class=\"pix-px-5  text-body-default text-center \" ><b>Hogar<\/b><\/div><\/div><\/a>[\/vc_column][\/vc_row][vc_row pix_particles_check=&#8221;&#8221; css=&#8221;.vc_custom_1775234390707{margin-top: 25px !important;}&#8221;][vc_column width=&#8221;1\/4&#8243;]<a href=\"#pix_popup_5747\"  aria-label=\"Story\" class=\"\" data-stories=\"[]\" ><div class=\"pix-story d-inline-block  text-left\"><div class=\"story-img pix-bg-attachment-scroll pix-bg-custom   pix-no-bg text-left d-inline-block\" ><img decoding=\"async\" width=\"210\" height=\"208\" src=\"https:\/\/www.fagas.co\/portal\/wp-content\/uploads\/2026\/04\/mascotas.png\" class=\"rounded-circle bg-white pix-fit-cover img-fluid hover-effect \" alt=\"Mascotas\" style=\"width:200px;height:200px;\" srcset=\"https:\/\/www.fagas.co\/portal\/wp-content\/uploads\/2026\/04\/mascotas.png 210w, https:\/\/www.fagas.co\/portal\/wp-content\/uploads\/2026\/04\/mascotas-150x150.png 150w, https:\/\/www.fagas.co\/portal\/wp-content\/uploads\/2026\/04\/mascotas-75x75.png 75w\" sizes=\"auto, (max-width: 210px) 100vw, 210px\" loading=\"lazy\" \/><\/div><div class=\"pix-px-5  text-body-default text-center \" ><b>Mascotas<\/b><\/div><\/div><\/a>[\/vc_column][vc_column width=&#8221;1\/4&#8243;]<a href=\"#pix_popup_5749\"  aria-label=\"Story\" class=\"\" data-stories=\"[]\" ><div class=\"pix-story d-inline-block  text-left\"><div class=\"story-img pix-bg-attachment-scroll pix-bg-custom   pix-no-bg text-left d-inline-block\" ><img decoding=\"async\" width=\"210\" height=\"208\" src=\"https:\/\/www.fagas.co\/portal\/wp-content\/uploads\/2026\/04\/gimnasios.png\" class=\"rounded-circle bg-white pix-fit-cover img-fluid hover-effect \" alt=\"Gimnasios\" style=\"width:200px;height:200px;\" srcset=\"https:\/\/www.fagas.co\/portal\/wp-content\/uploads\/2026\/04\/gimnasios.png 210w, https:\/\/www.fagas.co\/portal\/wp-content\/uploads\/2026\/04\/gimnasios-150x150.png 150w, https:\/\/www.fagas.co\/portal\/wp-content\/uploads\/2026\/04\/gimnasios-75x75.png 75w\" sizes=\"auto, (max-width: 210px) 100vw, 210px\" loading=\"lazy\" \/><\/div><div class=\"pix-px-5  text-body-default text-center \" ><b>Gimnasios<\/b><\/div><\/div><\/a>[\/vc_column][vc_column width=&#8221;1\/4&#8243;]<a href=\"#pix_popup_5755\"  aria-label=\"Story\" class=\"\" data-stories=\"[]\" ><div class=\"pix-story d-inline-block  text-left\"><div class=\"story-img pix-bg-attachment-scroll pix-bg-custom   pix-no-bg text-left d-inline-block\" ><img decoding=\"async\" width=\"210\" height=\"208\" src=\"https:\/\/www.fagas.co\/portal\/wp-content\/uploads\/2026\/04\/educacion-1.png\" class=\"rounded-circle bg-white pix-fit-cover img-fluid hover-effect \" alt=\"Educacion 1\" style=\"width:200px;height:200px;\" srcset=\"https:\/\/www.fagas.co\/portal\/wp-content\/uploads\/2026\/04\/educacion-1.png 210w, https:\/\/www.fagas.co\/portal\/wp-content\/uploads\/2026\/04\/educacion-1-150x150.png 150w, https:\/\/www.fagas.co\/portal\/wp-content\/uploads\/2026\/04\/educacion-1-75x75.png 75w\" sizes=\"auto, (max-width: 210px) 100vw, 210px\" loading=\"lazy\" \/><\/div><div class=\"pix-px-5  text-body-default text-center \" ><b>Educaci\u00f3n<\/b><\/div><\/div><\/a>[\/vc_column][vc_column width=&#8221;1\/4&#8243;]<a href=\"#pix_popup_5757\"  aria-label=\"Story\" class=\"\" data-stories=\"[]\" ><div class=\"pix-story d-inline-block  text-left\"><div class=\"story-img pix-bg-attachment-scroll pix-bg-custom   pix-no-bg text-left d-inline-block\" ><img decoding=\"async\" width=\"210\" height=\"208\" src=\"https:\/\/www.fagas.co\/portal\/wp-content\/uploads\/2026\/04\/vehiculos.png\" class=\"rounded-circle bg-white pix-fit-cover img-fluid hover-effect \" alt=\"Vehiculos\" style=\"width:200px;height:200px;\" srcset=\"https:\/\/www.fagas.co\/portal\/wp-content\/uploads\/2026\/04\/vehiculos.png 210w, https:\/\/www.fagas.co\/portal\/wp-content\/uploads\/2026\/04\/vehiculos-150x150.png 150w, https:\/\/www.fagas.co\/portal\/wp-content\/uploads\/2026\/04\/vehiculos-75x75.png 75w\" sizes=\"auto, (max-width: 210px) 100vw, 210px\" loading=\"lazy\" \/><\/div><div class=\"pix-px-5  text-body-default text-center \" ><b>Veh\u00edculos<\/b><\/div><\/div><\/a>[\/vc_column][\/vc_row][\/vc_section][vc_row pix_particles_check=&#8221;&#8221;][vc_column][vc_column_text css=&#8221;&#8221;][\/vc_column_text][\/vc_column][\/vc_row]<\/div>","protected":false},"excerpt":{"rendered":"[vc_section full_width=&#8221;stretch_row&#8221; css_animation=&#8221;none&#8221; pix_bg_grdient=&#8221;bg-gradient-primary&#8221; pix_over_visibility=&#8221;&#8221; bottom_divider_select=&#8221;dynamic&#8221; bottom_moving_divider_color=&#8221;%5B%7B%22d_color_1%22%3A%22rgba(255%2C255%2C255%2C0.25)%22%2C%22d_color_2%22%3A%22%23f8f9fa%22%7D%2C%7B%22d_color_1%22%3A%22rgba(255%2C255%2C255%2C0.5)%22%2C%22d_color_2%22%3A%22%23f8f9fa%22%7D%2C%7B%22d_color_1%22%3A%22%23ffffff%22%2C%22d_color_2%22%3A%22%23f8f9fa%22%7D%5D&#8221; pix_overlay_color=&#8221;gradient-primary&#8221; pix_overlay_opacity=&#8221;0.85&#8243;][vc_row full_width=&#8221;stretch_row_content_no_spaces&#8221; pix_particles_check=&#8221;&#8221; css=&#8221;.vc_custom_1775236076960{margin-top: -30px !important;}&#8221;][vc_column content_align=&#8221;text-center&#8221;][\/vc_column][\/vc_row][\/vc_section][vc_section full_width=&#8221;stretch_row&#8221; pix_over_visibility=&#8221;&#8221; responsive_css=&#8221;{&#8220;pix_res_sm_pt&#8220;:&#8220;30&#8220;,&#8220;pix_res_sm_pb&#8220;:&#8220;30&#8220;,&#8220;pix_res_md_pb&#8220;:&#8220;60&#8220;}&#8221; css=&#8221;.vc_custom_1775235185102{margin-top: -20px !important;background-color: #ffffff !important;}&#8221;][vc_row pix_particles_check=&#8221;&#8221;][vc_column][vc_column_text css=&#8221;&#8221;]FAGAS le ofrece una gran variedad de convenios con una alta calidad en la prestaci\u00f3n de&#8230;","protected":false},"author":1,"featured_media":0,"parent":0,"menu_order":0,"comment_status":"closed","ping_status":"closed","template":"","meta":{"_acf_changed":false,"footnotes":""},"class_list":["post-5381","page","type-page","status-publish","hentry"],"acf":[],"_links":{"self":[{"href":"https:\/\/www.fagas.co\/portal\/wp-json\/wp\/v2\/pages\/5381","targetHints":{"allow":["GET"]}}],"collection":[{"href":"https:\/\/www.fagas.co\/portal\/wp-json\/wp\/v2\/pages"}],"about":[{"href":"https:\/\/www.fagas.co\/portal\/wp-json\/wp\/v2\/types\/page"}],"author":[{"embeddable":true,"href":"https:\/\/www.fagas.co\/portal\/wp-json\/wp\/v2\/users\/1"}],"replies":[{"embeddable":true,"href":"https:\/\/www.fagas.co\/portal\/wp-json\/wp\/v2\/comments?post=5381"}],"version-history":[{"count":38,"href":"https:\/\/www.fagas.co\/portal\/wp-json\/wp\/v2\/pages\/5381\/revisions"}],"predecessor-version":[{"id":5941,"href":"https:\/\/www.fagas.co\/portal\/wp-json\/wp\/v2\/pages\/5381\/revisions\/5941"}],"wp:attachment":[{"href":"https:\/\/www.fagas.co\/portal\/wp-json\/wp\/v2\/media?parent=5381"}],"curies":[{"name":"wp","href":"https:\/\/api.w.org\/{rel}","templated":true}]}}