{"id":5324,"date":"2025-11-13T14:19:02","date_gmt":"2025-11-13T14:19:02","guid":{"rendered":"https:\/\/www.fagas.co\/portal\/?page_id=5324"},"modified":"2026-04-04T17:04:57","modified_gmt":"2026-04-04T17:04:57","slug":"seguros-2025","status":"publish","type":"page","link":"https:\/\/www.fagas.co\/portal\/seguros-2025\/","title":{"rendered":"Seguros 2025"},"content":{"rendered":"<div class=\"wpb-content-wrapper\">[vc_section full_width=&#8221;stretch_row&#8221; css_animation=&#8221;none&#8221; pix_bg_grdient=&#8221;bg-gradient-primary&#8221; pix_over_visibility=&#8221;&#8221; bottom_divider_select=&#8221;dynamic&#8221; bottom_moving_divider_color=&#8221;%5B%7B%22d_color_1%22%3A%22rgba(255%2C255%2C255%2C0.25)%22%2C%22d_color_2%22%3A%22%23f8f9fa%22%7D%2C%7B%22d_color_1%22%3A%22rgba(255%2C255%2C255%2C0.5)%22%2C%22d_color_2%22%3A%22%23f8f9fa%22%7D%2C%7B%22d_color_1%22%3A%22%23ffffff%22%2C%22d_color_2%22%3A%22%23f8f9fa%22%7D%5D&#8221; pix_overlay_color=&#8221;gradient-primary&#8221; pix_overlay_opacity=&#8221;0.85&#8243;][vc_row full_width=&#8221;stretch_row_content_no_spaces&#8221; css_animation=&#8221;none&#8221; pix_particles_check=&#8221;&#8221; css=&#8221;.vc_custom_1775254383701{margin-top: -30px !important;}&#8221;][vc_column content_align=&#8221;text-center&#8221;]<div id=\"img-242bf31785a546303f037a12b11b32ea\" class=\"pix-img-element d-inline-block \"  ><div class=\"pix-img-el     text-left d-inline-block  w-100 rounded-0\"  ><img decoding=\"async\" width=\"1900\" height=\"368\" src=\"https:\/\/www.fagas.co\/portal\/wp-content\/uploads\/2026\/04\/tseguros.png\" class=\"pix-img-elem rounded-0\" alt=\"Image link\" srcset=\"https:\/\/www.fagas.co\/portal\/wp-content\/uploads\/2026\/04\/tseguros.png 1900w, https:\/\/www.fagas.co\/portal\/wp-content\/uploads\/2026\/04\/tseguros-300x58.png 300w, https:\/\/www.fagas.co\/portal\/wp-content\/uploads\/2026\/04\/tseguros-1024x198.png 1024w, https:\/\/www.fagas.co\/portal\/wp-content\/uploads\/2026\/04\/tseguros-768x149.png 768w, https:\/\/www.fagas.co\/portal\/wp-content\/uploads\/2026\/04\/tseguros-1536x297.png 1536w\" sizes=\"auto, (max-width: 1900px) 100vw, 1900px\" loading=\"lazy\" \/><\/div><\/div>[\/vc_column][\/vc_row][\/vc_section][vc_section full_width=&#8221;stretch_row&#8221; full_height=&#8221;yes&#8221; content_placement=&#8221;middle&#8221; pix_over_visibility=&#8221;&#8221; bottom_divider_select=&#8221;24&#8243; b_2_color=&#8221;rgba(214,214,214,0.2)&#8221; b_3_color=&#8221;rgba(255,140,97,0.08)&#8221; responsive_css=&#8221;{&#8220;pix_res_sm_pt&#8220;:&#8220;30&#8220;,&#8220;pix_res_sm_pb&#8220;:&#8220;30&#8220;,&#8220;pix_res_md_pt&#8220;:&#8220;60&#8220;,&#8220;pix_res_md_pb&#8220;:&#8220;60&#8220;}&#8221; css=&#8221;.vc_custom_1763050404845{background-color: #f8f9fa !important;}&#8221;][vc_row pix_particles_check=&#8221;&#8221;][vc_column]<div id=\"el1763057910242-5847a548-a024\" class=\"pix-highlighted-element text-center \"><h5 class=\"pix-highlighted-items \" style=\"\" data-anim-type=\"\" data-anim-delay=\"0\"><span id=\"el1763057910242-5847a548-a024-0\" class=\"pix-highlight-bg  el1763057910242-5847a548-a024-0 animate-in\" data-anim-type=\"highlight-grow\" data-anim-delay=\"200\"><span   class=\"pix-highlighted-text pix-highlight-item font-weight-normal  heading-font text-heading-default\">Todos nuestros seguros pueden ser financiados a un plazo m\u00e1ximo de 12 meses <\/span><\/span><\/h5><\/div>[\/vc_column][\/vc_row][vc_row content_placement=&#8221;middle&#8221; pix_particles_check=&#8221;&#8221;][vc_column width=&#8221;2\/3&#8243; css=&#8221;.vc_custom_1592348346180{padding-top: 30px !important;padding-bottom: 30px !important;}&#8221;]<div  class=\"pix-heading-el text-left  vc_custom_1763050210971\"><h3 class=\"text-primary font-weight-bold h3 animate-in heading-text el-title_custom_color mb-12\" style=\"\" data-anim-type=\"fade-in-up\" data-anim-delay=\"200\">P\u00f3liza veh\u00edculo:<\/h3><\/div><div class=\"pix-el-text w-100   vc_custom_1763050185030\" ><p class=\"text-18  text-body-default  \" ><span class=\"text-body-default animate-in d-inline-block\" data-anim-delay=\"600\" data-anim-type=\"fade-in-up\">Es un seguro de cobertura amplia que protege el carro contra una gran variedad de da\u00f1os, tanto propios como a terceros, incluyendo accidentes de tr\u00e1nsito, robo, incendios y desastres naturales. Su principal beneficio es ofrecer protecci\u00f3n integral y tranquilidad financiera ante eventos inesperados, a diferencia de seguros m\u00e1s b\u00e1sicos que solo cubren la responsabilidad civil.<\/span><\/p><\/div>[\/vc_column][vc_column width=&#8221;1\/3&#8243;]<div class=\"pix-content-box card vc_custom_1648584446150 custom-3df6cf53aceaa39d968fa665ca44d25e   rounded-10 shadow-sm shadow-hover-sm fly-sm animate-in w-100\" data-anim-type=\"pix-3d-down-in\" data-anim-delay=\"0\"><div  style=\"z-index:30;position:relative;\"><div id=\"img-ddae36e3d4ff270b76b1f758d53e79c0\" class=\"pix-img-element d-inline-block \"  ><div class=\"pix-img-el     text-left d-inline-block  w-100 rounded-0\"  ><img decoding=\"async\" width=\"429\" height=\"133\" src=\"https:\/\/www.fagas.co\/portal\/wp-content\/uploads\/2025\/11\/logo_alianz.png\" class=\"pix-img-elem rounded-0\" alt=\"Image link\" srcset=\"https:\/\/www.fagas.co\/portal\/wp-content\/uploads\/2025\/11\/logo_alianz.png 429w, https:\/\/www.fagas.co\/portal\/wp-content\/uploads\/2025\/11\/logo_alianz-300x93.png 300w\" sizes=\"auto, (max-width: 429px) 100vw, 429px\" loading=\"lazy\" \/><\/div><\/div><\/div><\/div>[\/vc_column][\/vc_row][vc_row content_placement=&#8221;middle&#8221; pix_particles_check=&#8221;&#8221;][vc_column width=&#8221;2\/3&#8243; css=&#8221;.vc_custom_1592348346180{padding-top: 30px !important;padding-bottom: 30px !important;}&#8221;]<div  class=\"pix-heading-el text-left  vc_custom_1763050766524\"><h3 class=\"text-primary font-weight-bold h3 animate-in heading-text el-title_custom_color mb-12\" style=\"\" data-anim-type=\"fade-in-up\" data-anim-delay=\"200\">P\u00f3liza de Hogar:<\/h3><\/div><div class=\"pix-el-text w-100   vc_custom_1763050784703\" ><p class=\"text-18  text-body-default  \" ><span class=\"text-body-default animate-in d-inline-block\" data-anim-delay=\"600\" data-anim-type=\"fade-in-up\">Seguro dise\u00f1ado para proteger su vivienda y sus contenidos internos de todo tipo de da\u00f1os materiales y actos malintencionados de terceros, incluyendo hurto y da\u00f1os f\u00edsicos de sus equipos el\u00e9ctricos y electr\u00f3nicos. Adicionalmente podr\u00e1 disfrutar de la asistencia domiciliaria la cual le brindar\u00e1 la seguridad de saber que su hogar est\u00e1 bien protegido.<\/span><\/p><\/div>[\/vc_column][vc_column width=&#8221;1\/3&#8243;]<div class=\"pix-content-box card vc_custom_1648584446150 custom-3df6cf53aceaa39d968fa665ca44d25e   rounded-10 shadow-sm shadow-hover-sm fly-sm animate-in w-100\" data-anim-type=\"pix-3d-down-in\" data-anim-delay=\"0\"><div  style=\"z-index:30;position:relative;\"><div id=\"img-408f6ea2f09a176c7a29a189e1e33ac0\" class=\"pix-img-element d-inline-block \"  ><div class=\"pix-img-el     text-left d-inline-block  w-100 rounded-0\"  ><img decoding=\"async\" width=\"225\" height=\"96\" src=\"https:\/\/www.fagas.co\/portal\/wp-content\/uploads\/2025\/11\/sbs-seguros.png\" class=\"pix-img-elem rounded-0\" alt=\"Image link\" loading=\"lazy\" \/><\/div><\/div><\/div><\/div>[\/vc_column][\/vc_row][vc_row content_placement=&#8221;middle&#8221; pix_particles_check=&#8221;&#8221;][vc_column width=&#8221;2\/3&#8243; css=&#8221;.vc_custom_1592348346180{padding-top: 30px !important;padding-bottom: 30px !important;}&#8221;]<div  class=\"pix-heading-el text-left  vc_custom_1775322293694\"><h3 class=\"text-primary font-weight-bold h3 animate-in heading-text el-title_custom_color mb-12\" style=\"\" data-anim-type=\"fade-in-up\" data-anim-delay=\"200\">SOAT:<\/h3><\/div><div class=\"pix-el-text w-100   vc_custom_1763051060856\" ><p class=\"text-18  text-body-default  \" ><span class=\"text-body-default animate-in d-inline-block\" data-anim-delay=\"600\" data-anim-type=\"fade-in-up\">Seguro Obligatorio de Accidentes de Tr\u00e1nsito, solo cubre lesiones personales causadas en accidentes de tr\u00e1nsito, tanto al conductor como a los ocupantes y peatones. No cubre da\u00f1os materiales a otros.<\/span><\/p><\/div>[\/vc_column][vc_column width=&#8221;1\/3&#8243;]<div class=\"pix-content-box card vc_custom_1648584446150 custom-3df6cf53aceaa39d968fa665ca44d25e   rounded-10 shadow-sm shadow-hover-sm fly-sm animate-in w-100\" data-anim-type=\"pix-3d-down-in\" data-anim-delay=\"0\"><div  style=\"z-index:30;position:relative;\"><div id=\"img-b80f5b556d8c1cb06c2fc2c960ecd1a0\" class=\"pix-img-element d-inline-block \"  ><div class=\"pix-img-el     text-left d-inline-block  w-100 rounded-0\"  ><img decoding=\"async\" width=\"383\" height=\"132\" src=\"https:\/\/www.fagas.co\/portal\/wp-content\/uploads\/2025\/11\/solidaria.png\" class=\"pix-img-elem rounded-0\" alt=\"Image link\" srcset=\"https:\/\/www.fagas.co\/portal\/wp-content\/uploads\/2025\/11\/solidaria.png 383w, https:\/\/www.fagas.co\/portal\/wp-content\/uploads\/2025\/11\/solidaria-300x103.png 300w\" sizes=\"auto, (max-width: 383px) 100vw, 383px\" loading=\"lazy\" \/><\/div><\/div><\/div><\/div>[\/vc_column][\/vc_row][vc_row content_placement=&#8221;middle&#8221; pix_particles_check=&#8221;&#8221;][vc_column width=&#8221;2\/3&#8243; css=&#8221;.vc_custom_1592348346180{padding-top: 30px !important;padding-bottom: 30px !important;}&#8221;]<div  class=\"pix-heading-el text-left  vc_custom_1763052537539\"><h3 class=\"text-primary font-weight-bold h3 animate-in heading-text el-title_custom_color mb-12\" style=\"\" data-anim-type=\"fade-in-up\" data-anim-delay=\"200\">Plan Exequial:<\/h3><\/div><div class=\"pix-el-text w-100   vc_custom_1763052549373\" ><p class=\"text-18  text-body-default  \" ><span class=\"text-body-default animate-in d-inline-block\" data-anim-delay=\"600\" data-anim-type=\"fade-in-up\">Esta p\u00f3liza cubre todos los gastos funerarios, del grupo familiar inscrito, incluido las mascotas (perros y gatos).<\/span><\/p><\/div>[\/vc_column][vc_column width=&#8221;1\/3&#8243;]<div class=\"pix-content-box card vc_custom_1648584446150 custom-3df6cf53aceaa39d968fa665ca44d25e   rounded-10 shadow-sm shadow-hover-sm fly-sm animate-in w-100\" data-anim-type=\"pix-3d-down-in\" data-anim-delay=\"0\"><div  style=\"z-index:30;position:relative;\"><div id=\"img-de7af7d93ceffc6154fe4bbb6644cbd9\" class=\"pix-img-element d-inline-block \"  ><div class=\"pix-img-el     text-left d-inline-block  w-100 rounded-0\"  ><img decoding=\"async\" width=\"1080\" height=\"720\" src=\"https:\/\/www.fagas.co\/portal\/wp-content\/uploads\/2025\/11\/logo-aliado-olivos.png\" class=\"pix-img-elem rounded-0\" alt=\"Image link\" srcset=\"https:\/\/www.fagas.co\/portal\/wp-content\/uploads\/2025\/11\/logo-aliado-olivos.png 1080w, https:\/\/www.fagas.co\/portal\/wp-content\/uploads\/2025\/11\/logo-aliado-olivos-300x200.png 300w, https:\/\/www.fagas.co\/portal\/wp-content\/uploads\/2025\/11\/logo-aliado-olivos-1024x683.png 1024w, https:\/\/www.fagas.co\/portal\/wp-content\/uploads\/2025\/11\/logo-aliado-olivos-768x512.png 768w, https:\/\/www.fagas.co\/portal\/wp-content\/uploads\/2025\/11\/logo-aliado-olivos-600x400.png 600w\" sizes=\"auto, (max-width: 1080px) 100vw, 1080px\" loading=\"lazy\" \/><\/div><\/div><\/div><\/div>[\/vc_column][\/vc_row][\/vc_section][vc_row pix_particles_check=&#8221;&#8221;][vc_column][\/vc_column][\/vc_row]<\/div>","protected":false},"excerpt":{"rendered":"[vc_section full_width=&#8221;stretch_row&#8221; css_animation=&#8221;none&#8221; pix_bg_grdient=&#8221;bg-gradient-primary&#8221; pix_over_visibility=&#8221;&#8221; bottom_divider_select=&#8221;dynamic&#8221; bottom_moving_divider_color=&#8221;%5B%7B%22d_color_1%22%3A%22rgba(255%2C255%2C255%2C0.25)%22%2C%22d_color_2%22%3A%22%23f8f9fa%22%7D%2C%7B%22d_color_1%22%3A%22rgba(255%2C255%2C255%2C0.5)%22%2C%22d_color_2%22%3A%22%23f8f9fa%22%7D%2C%7B%22d_color_1%22%3A%22%23ffffff%22%2C%22d_color_2%22%3A%22%23f8f9fa%22%7D%5D&#8221; pix_overlay_color=&#8221;gradient-primary&#8221; pix_overlay_opacity=&#8221;0.85&#8243;][vc_row full_width=&#8221;stretch_row_content_no_spaces&#8221; css_animation=&#8221;none&#8221; pix_particles_check=&#8221;&#8221; css=&#8221;.vc_custom_1775254383701{margin-top: -30px !important;}&#8221;][vc_column content_align=&#8221;text-center&#8221;][\/vc_column][\/vc_row][\/vc_section][vc_section full_width=&#8221;stretch_row&#8221; full_height=&#8221;yes&#8221; content_placement=&#8221;middle&#8221; pix_over_visibility=&#8221;&#8221; bottom_divider_select=&#8221;24&#8243; b_2_color=&#8221;rgba(214,214,214,0.2)&#8221; b_3_color=&#8221;rgba(255,140,97,0.08)&#8221; responsive_css=&#8221;{&#8220;pix_res_sm_pt&#8220;:&#8220;30&#8220;,&#8220;pix_res_sm_pb&#8220;:&#8220;30&#8220;,&#8220;pix_res_md_pt&#8220;:&#8220;60&#8220;,&#8220;pix_res_md_pb&#8220;:&#8220;60&#8220;}&#8221; css=&#8221;.vc_custom_1763050404845{background-color: #f8f9fa !important;}&#8221;][vc_row pix_particles_check=&#8221;&#8221;][vc_column][\/vc_column][\/vc_row][vc_row content_placement=&#8221;middle&#8221; pix_particles_check=&#8221;&#8221;][vc_column width=&#8221;2\/3&#8243; css=&#8221;.vc_custom_1592348346180{padding-top: 30px !important;padding-bottom: 30px !important;}&#8221;][\/vc_column][vc_column width=&#8221;1\/3&#8243;][\/vc_column][\/vc_row][vc_row content_placement=&#8221;middle&#8221; pix_particles_check=&#8221;&#8221;][vc_column width=&#8221;2\/3&#8243;&#8230;","protected":false},"author":1,"featured_media":0,"parent":0,"menu_order":0,"comment_status":"closed","ping_status":"closed","template":"","meta":{"_acf_changed":false,"footnotes":""},"class_list":["post-5324","page","type-page","status-publish","hentry"],"acf":[],"_links":{"self":[{"href":"https:\/\/www.fagas.co\/portal\/wp-json\/wp\/v2\/pages\/5324","targetHints":{"allow":["GET"]}}],"collection":[{"href":"https:\/\/www.fagas.co\/portal\/wp-json\/wp\/v2\/pages"}],"about":[{"href":"https:\/\/www.fagas.co\/portal\/wp-json\/wp\/v2\/types\/page"}],"author":[{"embeddable":true,"href":"https:\/\/www.fagas.co\/portal\/wp-json\/wp\/v2\/users\/1"}],"replies":[{"embeddable":true,"href":"https:\/\/www.fagas.co\/portal\/wp-json\/wp\/v2\/comments?post=5324"}],"version-history":[{"count":9,"href":"https:\/\/www.fagas.co\/portal\/wp-json\/wp\/v2\/pages\/5324\/revisions"}],"predecessor-version":[{"id":5878,"href":"https:\/\/www.fagas.co\/portal\/wp-json\/wp\/v2\/pages\/5324\/revisions\/5878"}],"wp:attachment":[{"href":"https:\/\/www.fagas.co\/portal\/wp-json\/wp\/v2\/media?parent=5324"}],"curies":[{"name":"wp","href":"https:\/\/api.w.org\/{rel}","templated":true}]}}