{"id":1646,"date":"2018-08-21T05:33:43","date_gmt":"2018-08-21T05:33:43","guid":{"rendered":"http:\/\/www.visiondiweb.com\/faga\/web\/?page_id=1646"},"modified":"2023-01-09T03:38:51","modified_gmt":"2023-01-09T03:38:51","slug":"contacto-comite-de-control-social","status":"publish","type":"page","link":"https:\/\/www.fagas.co\/portal\/contacto-comite-de-control-social\/","title":{"rendered":"Contacto comit\u00e9 de control social"},"content":{"rendered":"<div class=\"wpb-content-wrapper\">[vc_row css=&#8221;.vc_custom_1673235528570{background-color: #ffffff !important;}&#8221;][vc_column width=&#8221;1\/3&#8243;][vc_column_text]\r\n<p style=\"text-align: center;\">Por favor utilice este formato para darnos su opini\u00f3n, o solicitar informaci\u00f3n acerca de nuestros productos. Su opini\u00f3n es muy importante para nosotros. Su mensaje ser\u00e1 atendido prontamente.<\/p>\r\n[\/vc_column_text][\/vc_column][vc_column width=&#8221;2\/3&#8243;][vc_column_text]\n<div class=\"wpcf7 no-js\" id=\"wpcf7-f3278-o1\" lang=\"es-CO\" dir=\"ltr\" data-wpcf7-id=\"3278\">\n<div class=\"screen-reader-response\"><p role=\"status\" aria-live=\"polite\" aria-atomic=\"true\"><\/p> <ul><\/ul><\/div>\n<form action=\"\/portal\/wp-json\/wp\/v2\/pages\/1646#wpcf7-f3278-o1\" method=\"post\" class=\"wpcf7-form init\" aria-label=\"Formulario de contacto\" novalidate=\"novalidate\" data-status=\"init\">\n<fieldset class=\"hidden-fields-container\"><input type=\"hidden\" name=\"_wpcf7\" value=\"3278\" \/><input type=\"hidden\" name=\"_wpcf7_version\" value=\"6.1.5\" \/><input type=\"hidden\" name=\"_wpcf7_locale\" value=\"es_CO\" \/><input type=\"hidden\" name=\"_wpcf7_unit_tag\" value=\"wpcf7-f3278-o1\" \/><input type=\"hidden\" name=\"_wpcf7_container_post\" value=\"0\" \/><input type=\"hidden\" name=\"_wpcf7_posted_data_hash\" value=\"\" \/>\n<\/fieldset>\n<div class=\"pix-contact7-form\"><p><label> Tu nombre<br \/>\n<span class=\"wpcf7-form-control-wrap\" data-name=\"your-name\"><input size=\"40\" maxlength=\"400\" class=\"wpcf7-form-control wpcf7-text wpcf7-validates-as-required\" aria-required=\"true\" aria-invalid=\"false\" value=\"\" type=\"text\" name=\"your-name\" \/><\/span> <\/label>\n<\/p>\n<p><label> Tu correo electr\u00f3nico<br \/>\n<span class=\"wpcf7-form-control-wrap\" data-name=\"your-email\"><input size=\"40\" maxlength=\"400\" class=\"wpcf7-form-control wpcf7-email wpcf7-validates-as-required wpcf7-text wpcf7-validates-as-email\" aria-required=\"true\" aria-invalid=\"false\" value=\"\" type=\"email\" name=\"your-email\" \/><\/span> <\/label>\n<\/p>\n<p><label> Asunto<br \/>\n<span class=\"wpcf7-form-control-wrap\" data-name=\"your-subject\"><input size=\"40\" maxlength=\"400\" class=\"wpcf7-form-control wpcf7-text wpcf7-validates-as-required\" aria-required=\"true\" aria-invalid=\"false\" value=\"\" type=\"text\" name=\"your-subject\" \/><\/span> <\/label>\n<\/p>\n<p><label> Tu mensaje (opcional)<br \/>\n<span class=\"wpcf7-form-control-wrap\" data-name=\"your-message\"><textarea cols=\"40\" rows=\"10\" maxlength=\"2000\" class=\"wpcf7-form-control wpcf7-textarea\" aria-invalid=\"false\" name=\"your-message\"><\/textarea><\/span> <\/label>\n<\/p>\n<p><input class=\"wpcf7-form-control wpcf7-submit has-spinner\" type=\"submit\" value=\"Enviar\" \/>\n<\/p><\/div><div class=\"wpcf7-response-output\" aria-hidden=\"true\"><\/div>\n<\/form>\n<\/div>\n[\/vc_column_text][\/vc_column][\/vc_row]<\/div>","protected":false},"excerpt":{"rendered":"[vc_row css=&#8221;.vc_custom_1673235528570{background-color: #ffffff !important;}&#8221;][vc_column width=&#8221;1\/3&#8243;][vc_column_text] Por favor utilice este formato para darnos su opini\u00f3n, o solicitar informaci\u00f3n acerca de nuestros productos. Su opini\u00f3n es muy importante para nosotros. Su mensaje ser\u00e1 atendido prontamente. [\/vc_column_text][\/vc_column][vc_column width=&#8221;2\/3&#8243;][vc_column_text][\/vc_column_text][\/vc_column][\/vc_row]","protected":false},"author":1,"featured_media":0,"parent":0,"menu_order":0,"comment_status":"closed","ping_status":"closed","template":"","meta":{"_acf_changed":false,"footnotes":""},"class_list":["post-1646","page","type-page","status-publish","hentry"],"acf":[],"_links":{"self":[{"href":"https:\/\/www.fagas.co\/portal\/wp-json\/wp\/v2\/pages\/1646","targetHints":{"allow":["GET"]}}],"collection":[{"href":"https:\/\/www.fagas.co\/portal\/wp-json\/wp\/v2\/pages"}],"about":[{"href":"https:\/\/www.fagas.co\/portal\/wp-json\/wp\/v2\/types\/page"}],"author":[{"embeddable":true,"href":"https:\/\/www.fagas.co\/portal\/wp-json\/wp\/v2\/users\/1"}],"replies":[{"embeddable":true,"href":"https:\/\/www.fagas.co\/portal\/wp-json\/wp\/v2\/comments?post=1646"}],"version-history":[{"count":6,"href":"https:\/\/www.fagas.co\/portal\/wp-json\/wp\/v2\/pages\/1646\/revisions"}],"predecessor-version":[{"id":4190,"href":"https:\/\/www.fagas.co\/portal\/wp-json\/wp\/v2\/pages\/1646\/revisions\/4190"}],"wp:attachment":[{"href":"https:\/\/www.fagas.co\/portal\/wp-json\/wp\/v2\/media?parent=1646"}],"curies":[{"name":"wp","href":"https:\/\/api.w.org\/{rel}","templated":true}]}}