{"id":1629,"date":"2018-08-21T05:13:10","date_gmt":"2018-08-21T05:13:10","guid":{"rendered":"http:\/\/www.visiondiweb.com\/faga\/web\/?page_id=1629"},"modified":"2023-01-09T03:27:42","modified_gmt":"2023-01-09T03:27:42","slug":"ahorro-programado","status":"publish","type":"page","link":"https:\/\/www.fagas.co\/portal\/ahorro-programado\/","title":{"rendered":"Ahorro Programado"},"content":{"rendered":"<div class=\"wpb-content-wrapper\">[vc_row css=&#8221;.vc_custom_1673234820262{background-color: #ffffff !important;}&#8221;][vc_column][vc_column_text css=&#8221;.vc_custom_1534828584999{margin-bottom: 50px !important;border-bottom-width: 50px !important;padding-bottom: 50px !important;}&#8221;]\r\n<blockquote>Es un servicio que le permite al asociado acumular un determinado monto de ahorro mediante abonos mensuales a una cuenta. El valor acumulado tendr\u00e1 el destino que determine el asociado.<\/blockquote>\r\n[\/vc_column_text][\/vc_column][\/vc_row][vc_row css=&#8221;.vc_custom_1673234830233{margin-bottom: 50px !important;border-bottom-width: 50px !important;padding-bottom: 50px !important;background-color: #ffffff !important;}&#8221;][vc_column width=&#8221;1\/2&#8243;]<div id=\"cz_83089\" class=\"cz_83089 cz_title clr cz_title_has_icon cz_title_has_bg cz_title_pos_inline\"><div class=\"cz_title_content\"><i class=\"cz_title_icon_before fa czico-073-money-2\"><\/i><div class=\"cz_wpe_content\"><h5 class=\"font-color_base\">Plazo:<\/h5>\n<p>El plazo m\u00ednimo de una cuenta de ahorro programado ser\u00e1 de seis (6) meses. El monto acumulado y sus rendimientos se retirar\u00e1n por una sola vez al cumplir el tiempo pactado, o en pagos parciales, a solicitud del ahorrador.<\/p>\n<\/div><\/div><\/div>[vc_text_separator title=&#8221;&#8221;]<div id=\"cz_88943\" class=\"cz_88943 cz_title clr cz_title_has_icon cz_title_has_bg cz_title_pos_inline\"><div class=\"cz_title_content\"><i class=\"cz_title_icon_before fa czico-073-money-2\"><\/i><div class=\"cz_wpe_content\"><h5 class=\"font-color_base\">Rentabilidad:<\/h5>\n<p>Las tasas de inter\u00e9s a pagar por los ahorros programados ser\u00e1n fijadas por la Junta Directiva de FAGAS en t\u00e9rminos de puntos porcentuales. Los intereses sobre las cuentas de ahorro programado se liquidar\u00e1n el \u00faltimo d\u00eda h\u00e1bil de cada mes sobre el saldo acumulado al mes anterior y se abonaran a cuenta.<\/p>\n<\/div><\/div><\/div>[vc_text_separator title=&#8221;&#8221;]<div id=\"cz_91709\" class=\"cz_91709 cz_title clr cz_title_has_icon cz_title_has_bg cz_title_pos_inline\"><div class=\"cz_title_content\"><i class=\"cz_title_icon_before fa czico-073-money-2\"><\/i><div class=\"cz_wpe_content\"><h5 class=\"font-color_base\">Cancelaci\u00f3n:<\/h5>\n<p>El ahorro programado es irredimible antes de su vencimiento, sin embargo, en caso de contingencia econ\u00f3mica debidamente soportada por el ahorrador, la administraci\u00f3n de FAGAS podr\u00e1 autorizar el reintegro del ahorro programado antes del tiempo pactado.<\/p>\n<\/div><\/div><\/div>[vc_text_separator title=&#8221;&#8221;]<div id=\"cz_91286\" class=\"cz_91286 cz_title clr cz_title_has_icon cz_title_has_bg cz_title_pos_inline\"><div class=\"cz_title_content\"><i class=\"cz_title_icon_before fa czico-073-money-2\"><\/i><div class=\"cz_wpe_content\"><h5 class=\"font-color_base\">Ahorro Programado a Largo plazo:<\/h5>\n<p>Es un servicio que le permite al asociado acumular un capital a largo plazo mediante abonos mensuales a una cuenta. El valor acumulado tendr\u00e1 el destino que determine el asociado.<\/p>\n<\/div><\/div><\/div>[vc_text_separator title=&#8221;&#8221;]<div id=\"cz_67795\" class=\"cz_67795 cz_title clr cz_title_has_icon cz_title_has_bg cz_title_pos_inline\"><div class=\"cz_title_content\"><i class=\"cz_title_icon_before fa czico-073-money-2\"><\/i><div class=\"cz_wpe_content\"><h5 class=\"font-color_base\">Fagahorrito:<\/h5>\n<p>Es una alternativa de ahorro que le permite incrementar el patrimonio individual de sus hijos y construir con ellos un futuro mejor. El asociado puede afiliar a los hijos menores de 18 a\u00f1os, a quienes identificaremos con el n\u00famero de c\u00e9dula del asociado y un d\u00edgito que asignaremos al final, de acuerdo con el n\u00famero de menores afiliados.<\/p>\n<\/div><\/div><\/div>[\/vc_column][vc_column width=&#8221;1\/2&#8243;]<div id=\"cz_17246\" class=\"cz_17246 cz_title clr cz_title_has_icon cz_title_has_bg cz_title_pos_inline\"><div class=\"cz_title_content\"><i class=\"cz_title_icon_before fa czico-073-money-2\"><\/i><div class=\"cz_wpe_content\"><h5 class=\"font-color_base\">Monto:<\/h5>\n<p>El valor m\u00ednimo de la mensualidad del ahorro programado ser\u00e1 de cincuenta mil pesos M.Cte ($50.000).El aporte se podr\u00e1 efectuar mediante descuento de n\u00f3mina o por fuera de ella, y para este caso se har\u00e1 mediante consignaci\u00f3n o transferencia a la cuenta de FAGAS con su debida confirmaci\u00f3n durante los cinco (5) d\u00edas posteriores a la fecha pactada para realizar la consignaci\u00f3n. Al tercer atraso continuo o discontinuo FAGAS cancelar\u00e1 el ahorro programado.<\/p>\n<\/div><\/div><\/div>[vc_text_separator title=&#8221;&#8221;]<div id=\"cz_31559\" class=\"cz_31559 cz_title clr cz_title_has_icon cz_title_has_bg cz_title_pos_inline\"><div class=\"cz_title_content\"><i class=\"cz_title_icon_before fa czico-073-money-2\"><\/i><div class=\"cz_wpe_content\"><h5 class=\"font-color_base\">Beneficios:<\/h5>\n<p>El asociado por ser constante en su ahorro tiene la posibilidad de acceder a cr\u00e9dito con una tasa por debajo de las tasas vigentes del desembolso as\u00ed: Si el ahorro programado corresponde al 30% del cr\u00e9dito solicitado la disminuci\u00f3n en la tasa de inter\u00e9s ser\u00e1 del 10%. Si el ahorro programado corresponde al 20% del cr\u00e9dito solicitado la disminuci\u00f3n en la tasa de inter\u00e9s ser\u00e1 del 7%. Si el ahorro programado corresponde al 10% del cr\u00e9dito solicitado la disminuci\u00f3n en la tasa de inter\u00e9s ser\u00e1 del 4%. Si el ahorro programado es inferior al 10% del cr\u00e9dito solicitado no habr\u00e1 derecho a disminuci\u00f3n en la tasa de inter\u00e9s.<\/p>\n<\/div><\/div><\/div>[vc_text_separator title=&#8221;&#8221;]<div id=\"cz_93358\" class=\"cz_93358 cz_title clr cz_title_has_icon cz_title_has_bg cz_title_pos_inline\"><div class=\"cz_title_content\"><i class=\"cz_title_icon_before fa czico-073-money-2\"><\/i><div class=\"cz_wpe_content\"><h5 class=\"font-color_base\">Sanci\u00f3n por incumplimiento:<\/h5>\n<p>En caso de cancelaci\u00f3n anticipada del ahorro programado, FAGAS reconocer\u00e1 el 50% de los intereses hasta esta fecha.<\/p>\n<\/div><\/div><\/div>[vc_text_separator title=&#8221;&#8221;]<div id=\"cz_109051\" class=\"cz_109051 cz_title clr cz_title_has_icon cz_title_has_bg cz_title_pos_inline\"><div class=\"cz_title_content\"><i class=\"cz_title_icon_before fa czico-073-money-2\"><\/i><div class=\"cz_wpe_content\"><h5 class=\"font-color_base\">Ahorro de Navidad:<\/h5>\n<p>Es una l\u00ednea de ahorro destinada para las compras navide\u00f1as de los asociados realizado mediante abonos mensuales.<\/p>\n<\/div><\/div><\/div>[\/vc_column][\/vc_row]<\/div>","protected":false},"excerpt":{"rendered":"[vc_row css=&#8221;.vc_custom_1673234820262{background-color: #ffffff !important;}&#8221;][vc_column][vc_column_text css=&#8221;.vc_custom_1534828584999{margin-bottom: 50px !important;border-bottom-width: 50px !important;padding-bottom: 50px !important;}&#8221;] Es un servicio que le permite al asociado acumular un determinado monto de ahorro mediante abonos mensuales a una cuenta. El valor acumulado tendr\u00e1 el destino que determine el&#8230;","protected":false},"author":1,"featured_media":0,"parent":0,"menu_order":0,"comment_status":"closed","ping_status":"closed","template":"","meta":{"_acf_changed":false,"footnotes":""},"class_list":["post-1629","page","type-page","status-publish","hentry"],"acf":[],"_links":{"self":[{"href":"https:\/\/www.fagas.co\/portal\/wp-json\/wp\/v2\/pages\/1629","targetHints":{"allow":["GET"]}}],"collection":[{"href":"https:\/\/www.fagas.co\/portal\/wp-json\/wp\/v2\/pages"}],"about":[{"href":"https:\/\/www.fagas.co\/portal\/wp-json\/wp\/v2\/types\/page"}],"author":[{"embeddable":true,"href":"https:\/\/www.fagas.co\/portal\/wp-json\/wp\/v2\/users\/1"}],"replies":[{"embeddable":true,"href":"https:\/\/www.fagas.co\/portal\/wp-json\/wp\/v2\/comments?post=1629"}],"version-history":[{"count":13,"href":"https:\/\/www.fagas.co\/portal\/wp-json\/wp\/v2\/pages\/1629\/revisions"}],"predecessor-version":[{"id":1638,"href":"https:\/\/www.fagas.co\/portal\/wp-json\/wp\/v2\/pages\/1629\/revisions\/1638"}],"wp:attachment":[{"href":"https:\/\/www.fagas.co\/portal\/wp-json\/wp\/v2\/media?parent=1629"}],"curies":[{"name":"wp","href":"https:\/\/api.w.org\/{rel}","templated":true}]}}