{"id":1598,"date":"2018-08-21T02:57:22","date_gmt":"2018-08-21T02:57:22","guid":{"rendered":"http:\/\/www.visiondiweb.com\/faga\/web\/?page_id=1598"},"modified":"2023-01-09T03:31:49","modified_gmt":"2023-01-09T03:31:49","slug":"alianzas-estrategicas","status":"publish","type":"page","link":"https:\/\/www.fagas.co\/portal\/alianzas-estrategicas\/","title":{"rendered":"Alianzas Estrat\u00e9gicas"},"content":{"rendered":"<div class=\"wpb-content-wrapper\">[vc_row css=&#8221;.vc_custom_1673235105295{background-color: #ffffff !important;}&#8221;][vc_column][vc_column_text]\r\n<blockquote><strong>FAGAS<\/strong>\u00a0le ofrece una gran variedad de convenios con una alta calidad en la prestaci\u00f3n de servicios, que tienen como objetivo satisfacer las necesidades de nuestros asociados y su grupo familiar, con tarifas preferenciales y atractivos descuentos.<\/blockquote>\r\n[\/vc_column_text][vc_column_text]\r\n<table border=\"0\" width=\"100%\" cellspacing=\"5\" cellpadding=\"5\">\r\n<tbody>\r\n<tr>\r\n<td colspan=\"2\" bgcolor=\"#99CC33\"><span style=\"color: #ffffff;\"><strong><u><span lang=\"ES-CO\" xml:lang=\"ES-CO\">Turismo:<\/span><\/u><\/strong><\/span><\/td>\r\n<\/tr>\r\n<tr>\r\n<td width=\"11%\"><\/td>\r\n<td width=\"89%\"><\/td>\r\n<\/tr>\r\n<tr>\r\n<td><img loading=\"lazy\" decoding=\"async\" src=\"https:\/\/www.fagas.co\/portal\/wp-content\/uploads\/2019\/04\/conve2.jpg\" width=\"158\" height=\"59\" \/><\/td>\r\n<td><strong><span lang=\"ES-CO\" xml:lang=\"ES-CO\">Decameron:<\/span><\/strong><span lang=\"ES-CO\" xml:lang=\"ES-CO\">\u00a0Descubre la magia del Todo Incluido Decameron, un concepto para pasar las mejores vacaciones. Disfruta de tu tiempo de descanso en el hotel y el destino que m\u00e1s te guste, nosotros haremos de tu estad\u00eda una experiencia memorable brind\u00e1ndote, servicio, entretenimiento y diversi\u00f3n.<u><\/u><u><\/u><\/span><a href=\"http:\/\/www.decameron.com\/\" target=\"_blank\" rel=\"noopener\" data-saferedirecturl=\"https:\/\/www.google.com\/url?q=http:\/\/www.decameron.com&amp;source=gmail&amp;ust=1555430071235000&amp;usg=AFQjCNEjq8l3eO9xilF0qAuKfkzCuEd-Pw\"><span lang=\"ES-CO\" xml:lang=\"ES-CO\">http:\/\/www.decameron.com<\/span><\/a><\/td>\r\n<\/tr>\r\n<tr>\r\n<td>\r\n<div align=\"center\"><img loading=\"lazy\" decoding=\"async\" src=\"https:\/\/www.fagas.co\/portal\/wp-content\/uploads\/2019\/04\/conve3.png\" width=\"105\" height=\"74\" \/><\/div><\/td>\r\n<td><strong><span lang=\"ES-CO\" xml:lang=\"ES-CO\">Hotel Villa Yudy:<\/span><\/strong><span lang=\"ES-CO\" xml:lang=\"ES-CO\">\u00a0Ubicado muy cerca a la entrada de la base a\u00e9rea de Melgar, a solo dos hora y media de Bogot\u00e1, encontrar\u00e1 este hotel con un estilo campestre, con amplias zonas de recreaci\u00f3n.\u00a0\u00a0<\/span><a href=\"http:\/\/www.villayudy.com\/\" target=\"_blank\" rel=\"noopener\" data-saferedirecturl=\"https:\/\/www.google.com\/url?q=http:\/\/www.villayudy.com&amp;source=gmail&amp;ust=1555430071235000&amp;usg=AFQjCNEyPrSLqD36fhJpOA0Z0zVSsF51gA\"><span lang=\"ES-CO\" xml:lang=\"ES-CO\">http:\/\/www.villayudy.com<\/span><\/a><\/td>\r\n<\/tr>\r\n<tr>\r\n<td colspan=\"2\" bgcolor=\"#99CC33\"><span style=\"color: #ffffff;\"><strong><u><span lang=\"ES-CO\" xml:lang=\"ES-CO\">Salud:<\/span><\/u><\/strong><\/span><\/td>\r\n<\/tr>\r\n<tr>\r\n<td colspan=\"2\">Para FAGAS la salud de nuestros asociados y su familia son nuestro principal objetivo, por ello contamos con varios convenios que le permitan cubre de manera integral los servicios de salud que usted requiere, haciendo \u00e9nfasis en la Medicina Preventiva.<\/td>\r\n<\/tr>\r\n<tr>\r\n<td><img loading=\"lazy\" decoding=\"async\" src=\"https:\/\/www.fagas.co\/portal\/wp-content\/uploads\/2019\/04\/conve4.png\" width=\"157\" height=\"39\" \/>\r\n<img loading=\"lazy\" decoding=\"async\" src=\"https:\/\/www.fagas.co\/portal\/wp-content\/uploads\/2019\/04\/conve5.png\" width=\"170\" height=\"41\" \/><\/td>\r\n<td><strong><span lang=\"ES-CO\" xml:lang=\"ES-CO\">Organizaci\u00f3n S\u00e1nitas:<\/span><\/strong><span lang=\"ES-CO\" xml:lang=\"ES-CO\">\u00a0A trav\u00e9s de esta alianza usted puede acceder a los planes de medicina prepagada de Cols\u00e1nitas y Medis\u00e1nitas con unas tarifas bastante competitivas.\u00a0<\/span><a href=\"http:\/\/portal.colsanitas.com\/\" target=\"_blank\" rel=\"noopener\" data-saferedirecturl=\"https:\/\/www.google.com\/url?q=http:\/\/portal.colsanitas.com\/&amp;source=gmail&amp;ust=1555430071235000&amp;usg=AFQjCNF0coKC2VEufWr_N8D7Fm1zq06Ntw\"><span lang=\"ES-CO\" xml:lang=\"ES-CO\">http:\/\/portal.colsanitas.com\/<\/span><\/a><\/td>\r\n<\/tr>\r\n<tr>\r\n<td>\r\n<div align=\"center\"><img loading=\"lazy\" decoding=\"async\" src=\"https:\/\/www.fagas.co\/portal\/wp-content\/uploads\/2019\/04\/conve6.jpg\" width=\"113\" height=\"58\" \/><\/div><\/td>\r\n<td><strong><span lang=\"ES-CO\" xml:lang=\"ES-CO\">Salud Oral Coomeva:<\/span><\/strong><span lang=\"ES-CO\" xml:lang=\"ES-CO\">\u00a0Con Salud Oral Coomeva usted y su familia pueden disfrutar de protecci\u00f3n odontol\u00f3gica con las mejores coberturas y tarifas. Recuerde que una buena salud oral, se consigue y mantiene a partir de una cultura preventiva. Conozca nuestro Programa y disfrute de los beneficios y ventajas que tenemos para usted y los suyos.\u00a0<\/span><a href=\"http:\/\/salud.coomeva.com.co\/\" target=\"_blank\" rel=\"noopener\" data-saferedirecturl=\"https:\/\/www.google.com\/url?q=http:\/\/salud.coomeva.com.co\/&amp;source=gmail&amp;ust=1555430071235000&amp;usg=AFQjCNFsVYZNHEt4yhXMSNdm69bQm2EsUQ\"><span lang=\"ES-CO\" xml:lang=\"ES-CO\">http:\/\/salud.coomeva.com.co\/<\/span><\/a><\/td>\r\n<\/tr>\r\n<tr>\r\n<td>\r\n<div align=\"center\"><img loading=\"lazy\" decoding=\"async\" src=\"https:\/\/www.fagas.co\/portal\/wp-content\/uploads\/2019\/04\/conve7.jpg\" width=\"181\" height=\"53\" \/><\/div><\/td>\r\n<td><strong><span lang=\"ES-CO\" xml:lang=\"ES-CO\">Emerm\u00e9dica:<\/span><\/strong><span lang=\"ES-CO\" xml:lang=\"ES-CO\">\u00a0Atenci\u00f3n m\u00e9dica a domicilio.\u00a0 Acercamos la salud a la comodidad de tu hogar o lugar donde te encuentres, sin costo por inscripci\u00f3n ni pagos adicionales por el servicio. En Emerm\u00e9dica resolvemos de forma oportuna cualquier situaci\u00f3n que altere tu estado de salud. As\u00ed no tienes que desplazarte a instituciones de salud.\u00a0\u00a0<\/span><a href=\"http:\/\/www.emermedica.com.co\/\" target=\"_blank\" rel=\"noopener\" data-saferedirecturl=\"https:\/\/www.google.com\/url?q=http:\/\/www.emermedica.com.co&amp;source=gmail&amp;ust=1555430071235000&amp;usg=AFQjCNF11GMVy4SDGum0xLQL-aesr25w5w\"><span lang=\"ES-CO\" xml:lang=\"ES-CO\">www.emermedica.com.co<\/span><\/a><\/td>\r\n<\/tr>\r\n<tr>\r\n<td>\r\n<div align=\"center\"><img loading=\"lazy\" decoding=\"async\" src=\"https:\/\/www.fagas.co\/portal\/wp-content\/uploads\/2019\/04\/emi.png\" width=\"124\" height=\"59\" \/><\/div><\/td>\r\n<td><strong><span lang=\"ES-CO\" xml:lang=\"ES-CO\">EMI:<\/span><\/strong><span lang=\"ES-CO\" xml:lang=\"ES-CO\">\u00a0Es una p\u00f3liza que le brinda la tranquilidad de tener a su disposici\u00f3n un equipo m\u00e9dico calificado a nivel nacional en caso que requiera realizar consultas telef\u00f3nicas, ser valorado en casa o ser trasladado a una entidad hospitalaria.\u00a0\u00a0<\/span><a href=\"http:\/\/www.grupoemi.com\/\" target=\"_blank\" rel=\"noopener\" data-saferedirecturl=\"https:\/\/www.google.com\/url?q=http:\/\/www.grupoemi.com&amp;source=gmail&amp;ust=1555430071235000&amp;usg=AFQjCNGfv_CwAesfFV0DOFy6pl3HvBjzJg\"><span lang=\"ES-CO\" xml:lang=\"ES-CO\">www.grupoemi.com<\/span><\/a><\/td>\r\n<\/tr>\r\n<tr>\r\n<td colspan=\"2\" bgcolor=\"#99CC33\" height=\"30\"><span style=\"color: #ffffff;\"><strong><u><span lang=\"ES-CO\" xml:lang=\"ES-CO\">Bienestar:<\/span><\/u><\/strong><\/span><\/td>\r\n<\/tr>\r\n<tr>\r\n<td><img loading=\"lazy\" decoding=\"async\" src=\"https:\/\/www.fagas.co\/portal\/wp-content\/uploads\/2019\/04\/conve10.png\" width=\"176\" height=\"36\" \/><\/td>\r\n<td><strong><span lang=\"ES-CO\" xml:lang=\"ES-CO\">Bodytech:<\/span><\/strong><span lang=\"ES-CO\" xml:lang=\"ES-CO\">\u00a0Cadena de Clubes M\u00e9dico Deportivos cuyo principal objetivo es promover el mejoramiento de la calidad de vida y las condiciones f\u00edsicas y mentales de sus afiliados, a trav\u00e9s de programas de promoci\u00f3n, prevenci\u00f3n y rehabilitaci\u00f3n.\u00a0<\/span><a href=\"http:\/\/www.bodytech.com.co\/\" target=\"_blank\" rel=\"noopener\" data-saferedirecturl=\"https:\/\/www.google.com\/url?q=http:\/\/www.bodytech.com.co\/&amp;source=gmail&amp;ust=1555430071235000&amp;usg=AFQjCNGWWJddgEy5X2J6o6ho0t1S8jR7FQ\"><span lang=\"ES-CO\" xml:lang=\"ES-CO\">http:\/\/www.bodytech.com.co\/<\/span><\/a><\/td>\r\n<\/tr>\r\n<tr>\r\n<td>\r\n<div align=\"center\"><img loading=\"lazy\" decoding=\"async\" src=\"https:\/\/www.fagas.co\/portal\/wp-content\/uploads\/2019\/04\/conve11.png\" width=\"134\" height=\"47\" \/><\/div><\/td>\r\n<td><strong><span lang=\"ES-CO\" xml:lang=\"ES-CO\">Spinning Center:<\/span><\/strong><span lang=\"ES-CO\" xml:lang=\"ES-CO\">\u00a0Cadena de gimnasios con nuevos programas y lo \u00faltimo en tendencias fitness para que cada d\u00eda en el gimnasio sea diferente y \u00fanico.\u00a0<\/span><a href=\"https:\/\/www.spinningcentergym.com\/\" target=\"_blank\" rel=\"noopener\" data-saferedirecturl=\"https:\/\/www.google.com\/url?q=https:\/\/www.spinningcentergym.com&amp;source=gmail&amp;ust=1555430071235000&amp;usg=AFQjCNHQlN1gZOUY0l4rRUwd88_-Fr78jQ\"><span lang=\"ES-CO\" xml:lang=\"ES-CO\">https:\/\/www.spinningcentergym.com<\/span><\/a><\/td>\r\n<\/tr>\r\n<tr>\r\n<td>\r\n<div align=\"center\"><img loading=\"lazy\" decoding=\"async\" src=\"https:\/\/www.fagas.co\/portal\/wp-content\/uploads\/2019\/04\/conve12.png\" width=\"107\" height=\"62\" \/><\/div><\/td>\r\n<td><strong><span lang=\"ES-CO\" xml:lang=\"ES-CO\">Fundaci\u00f3n Teatro Nacional:<\/span><\/strong><span lang=\"ES-CO\" xml:lang=\"ES-CO\">\u00a0Empresa cultural dedicada a la producci\u00f3n, promoci\u00f3n y difusi\u00f3n de las artes esc\u00e9nicas, musicales y audiovisuales. Ofrece a nuestros asociados la posibilidad de adquirir boletas para sus espect\u00e1culos con descuentos especiales.\u00a0<\/span><a href=\"http:\/\/www.teatronacional.com.co\/\" target=\"_blank\" rel=\"noopener\" data-saferedirecturl=\"https:\/\/www.google.com\/url?q=http:\/\/www.teatronacional.com.co\/&amp;source=gmail&amp;ust=1555430071235000&amp;usg=AFQjCNHiXu8yKad2jckYcoUmS-O2ZH7WWA\"><span lang=\"ES-CO\" xml:lang=\"ES-CO\">http:\/\/www.teatronacional.com.co\/<\/span><\/a><\/td>\r\n<\/tr>\r\n<tr>\r\n<td>\r\n<div align=\"center\"><img loading=\"lazy\" decoding=\"async\" src=\"https:\/\/www.fagas.co\/portal\/wp-content\/uploads\/2019\/04\/conve13.jpg\" width=\"101\" height=\"64\" \/><\/div><\/td>\r\n<td><strong><span lang=\"ES-CO\" xml:lang=\"ES-CO\">Teatro Escena Colombia:\u00a0<\/span><\/strong><span lang=\"ES-CO\" xml:lang=\"ES-CO\">Entidad sin \u00e1nimo de lucro cuyo objetivo principal es promover y desarrollar las artes esc\u00e9nicas y sus actividades complementarias en Colombia y el mundo, con precios especiales para nuestros asociados.\u00a0\u00a0<\/span><a href=\"http:\/\/www.escenacolombia.com\/\" target=\"_blank\" rel=\"noopener\" data-saferedirecturl=\"https:\/\/www.google.com\/url?q=http:\/\/www.escenacolombia.com\/&amp;source=gmail&amp;ust=1555430071235000&amp;usg=AFQjCNHKnkQA794h8AoRsApAkftSCleU8Q\"><span lang=\"ES-CO\" xml:lang=\"ES-CO\">http:\/\/www.escenacolombia.com\/<\/span><\/a><\/td>\r\n<\/tr>\r\n<tr>\r\n<td colspan=\"2\" bgcolor=\"#99CC33\"><span style=\"color: #ffffff;\"><strong><u><span lang=\"ES-CO\" xml:lang=\"ES-CO\">Otros Convenios:<\/span><\/u><\/strong><\/span><\/td>\r\n<\/tr>\r\n<tr>\r\n<td><strong><span lang=\"ES-CO\" xml:lang=\"ES-CO\"><img loading=\"lazy\" decoding=\"async\" class=\"alignnone wp-image-2782 size-full\" src=\"https:\/\/www.fagas.co\/portal\/wp-content\/uploads\/2021\/02\/logoe.png\" alt=\"\" width=\"346\" height=\"50\" srcset=\"https:\/\/www.fagas.co\/portal\/wp-content\/uploads\/2021\/02\/logoe.png 346w, https:\/\/www.fagas.co\/portal\/wp-content\/uploads\/2021\/02\/logoe-300x43.png 300w\" sizes=\"auto, (max-width: 346px) 100vw, 346px\" \/><\/span><\/strong><\/td>\r\n<td><strong><span lang=\"ES-CO\" xml:lang=\"ES-CO\">EUDE Business School:<\/span><\/strong><span lang=\"ES-CO\" xml:lang=\"ES-CO\">\u00a0EUDE Business School es una institucio\u0301n de formacio\u0301n posgrado internacional, reconocida por los principales Rankings y medios internacionales; con 25 an\u0303os de evolucio\u0301n acade\u0301mica ha formado a ma\u0301s de 100 mil alumnos de muchas nacionalidades. Profesionales con experiencia laboral, emprendedores, disruptores, innovadores y li\u0301deres con visio\u0301n global dispuestos\u00a0a cambiar el mundo.\u00a0<\/span><strong><a href=\"https:\/\/www.fagas.co\/portal\/wp-content\/uploads\/2021\/02\/portafolio.pdf\" target=\"_blank\" rel=\"noopener\"><span lang=\"ES-CO\" xml:lang=\"ES-CO\">M\u00e1s informaci\u00f3n <\/span><\/a><\/strong><\/td>\r\n<\/tr>\r\n<tr>\r\n<td>\r\n<div align=\"center\"><img loading=\"lazy\" decoding=\"async\" src=\"https:\/\/www.fagas.co\/portal\/wp-content\/uploads\/2019\/04\/conve14.png\" width=\"110\" height=\"56\" \/><\/div><\/td>\r\n<td><strong><span lang=\"ES-CO\" xml:lang=\"ES-CO\">Industrias Haceb:<\/span><\/strong><span lang=\"ES-CO\" xml:lang=\"ES-CO\">\u00a0Compa\u00f1\u00eda con 70 a\u00f1os en el mercado, dedicada a la manufactura de productos de calefacci\u00f3n y refrigeraci\u00f3n dom\u00e9stica y comercial. Ofrece descuentos especiales a todos nuestros asociados en todos sus puntos de venta.\u00a0<\/span><a href=\"http:\/\/www.haceb.com\/\" target=\"_blank\" rel=\"noopener\" data-saferedirecturl=\"https:\/\/www.google.com\/url?q=http:\/\/www.haceb.com&amp;source=gmail&amp;ust=1555430071235000&amp;usg=AFQjCNFGB6TIB1FN-We-mmUbu5gCZzKlhg\"><span lang=\"ES-CO\" xml:lang=\"ES-CO\">www.haceb.com<\/span><\/a><\/td>\r\n<\/tr>\r\n<tr>\r\n<td>\r\n<div align=\"center\"><img loading=\"lazy\" decoding=\"async\" src=\"https:\/\/www.fagas.co\/portal\/wp-content\/uploads\/2019\/04\/dorado.jpg\" width=\"103\" height=\"49\" \/><\/div><\/td>\r\n<td><strong><span lang=\"ES-CO\" xml:lang=\"ES-CO\">Colchones El Dorado:<\/span><\/strong><span lang=\"ES-CO\" xml:lang=\"ES-CO\">\u00a0Ofrece a nuestros asociados la l\u00ednea de colchoner\u00eda que ofrece la compa\u00f1\u00eda, asegurando precios especiales.\u00a0<\/span><a href=\"http:\/\/www.colchoneseldorado.com\/\" target=\"_blank\" rel=\"noopener\" data-saferedirecturl=\"https:\/\/www.google.com\/url?q=http:\/\/www.colchoneseldorado.com&amp;source=gmail&amp;ust=1555430071235000&amp;usg=AFQjCNFiAtewJt5Z0x_PdDlqRw35SIDJhA\"><span lang=\"ES-CO\" xml:lang=\"ES-CO\">www.colchoneseldorado.com<\/span><\/a><\/td>\r\n<\/tr>\r\n<tr>\r\n<td><\/td>\r\n<td><\/td>\r\n<\/tr>\r\n<tr>\r\n<td>\r\n<div align=\"center\"><img loading=\"lazy\" decoding=\"async\" src=\"https:\/\/www.fagas.co\/portal\/wp-content\/uploads\/2019\/04\/conve17.jpg\" width=\"116\" height=\"46\" \/><\/div><\/td>\r\n<td><strong><span lang=\"ES-CO\" xml:lang=\"ES-CO\">Alkosto:<\/span><\/strong><span lang=\"ES-CO\" xml:lang=\"ES-CO\">\u00a0Ofrece a nuestros asociados una amplia variedad de productos para el hogar con la garant\u00eda de precios bajos con una atenci\u00f3n personalizada para FAGAS, mediante las separatas con precios especiales de acuerdo a la temporada.\u00a0<\/span><a href=\"http:\/\/www.alkosto.com\/\" target=\"_blank\" rel=\"noopener\" data-saferedirecturl=\"https:\/\/www.google.com\/url?q=http:\/\/www.alkosto.com&amp;source=gmail&amp;ust=1555430071235000&amp;usg=AFQjCNHT6OGiIEImqvLrviBkpmS6dpEaCw\"><span lang=\"ES-CO\" xml:lang=\"ES-CO\">www.alkosto.com<\/span><\/a><\/td>\r\n<\/tr>\r\n<tr>\r\n<td><\/td>\r\n<td><\/td>\r\n<\/tr>\r\n<tr>\r\n<td>\r\n<div align=\"center\"><img loading=\"lazy\" decoding=\"async\" src=\"https:\/\/www.fagas.co\/portal\/wp-content\/uploads\/2019\/04\/conve19.jpg\" width=\"137\" height=\"52\" \/><\/div><\/td>\r\n<td><strong><span lang=\"ES-CO\" xml:lang=\"ES-CO\">Autoclinic:<\/span><\/strong><span lang=\"ES-CO\" xml:lang=\"ES-CO\">\u00a0Taller de mec\u00e1nica automotriz que ofrece a nuestros asociados servicio de mec\u00e1nica, latoner\u00eda, pintura y electricidad. Ofrece adem\u00e1s repuestos originales, garant\u00eda en mano de obra y repuestos y la consignaci\u00f3n de veh\u00edculos para la venta. Ubicados en la Calle 55 No. 10-29, tel\u00e9fono 346 43 06.\u00a0<\/span><a href=\"http:\/\/www.autoclinic.com.co\/\" target=\"_blank\" rel=\"noopener\" data-saferedirecturl=\"https:\/\/www.google.com\/url?q=http:\/\/www.autoclinic.com.co&amp;source=gmail&amp;ust=1555430071235000&amp;usg=AFQjCNHDyH_K_JcLhBqnDhjkYpVlhWYSdQ\"><span lang=\"ES-CO\" xml:lang=\"ES-CO\">www.autoclinic.com.co<\/span><\/a><span lang=\"ES-CO\" xml:lang=\"ES-CO\">\u00a0<\/span><\/td>\r\n<\/tr>\r\n<tr>\r\n<td>\r\n<div align=\"center\"><img loading=\"lazy\" decoding=\"async\" src=\"https:\/\/www.fagas.co\/portal\/wp-content\/uploads\/2019\/04\/conve20.jpg\" width=\"132\" height=\"54\" \/><\/div><\/td>\r\n<td><strong><span lang=\"ES-CO\" xml:lang=\"ES-CO\">Vehiclub:<\/span><\/strong><span lang=\"ES-CO\" xml:lang=\"ES-CO\">\u00a0Compa\u00f1\u00eda dedicada a brindar cursos de automovilismo, mediante la ense\u00f1anza de la t\u00e9cnica correcta para operar un veh\u00edculo de manera preventiva. Los cursos han sido ajustados a las necesidades de capacitaci\u00f3n de nuestros clientes, con una ense\u00f1anza tanto te\u00f3rica como pr\u00e1ctica. Ubicado en la Carrera 14 No. 83-54.\u00a0<\/span><a href=\"http:\/\/www.vehiclubescuela.com\/\" target=\"_blank\" rel=\"noopener\" data-saferedirecturl=\"https:\/\/www.google.com\/url?q=http:\/\/www.vehiclubescuela.com&amp;source=gmail&amp;ust=1555430071235000&amp;usg=AFQjCNF4aC8TIbmeNIMSpQcY-Gb7jN_Okg\"><span lang=\"ES-CO\" xml:lang=\"ES-CO\">www.vehiclubescuela.com<\/span><\/a><span lang=\"ES-CO\" xml:lang=\"ES-CO\">\u00a0<\/span><\/td>\r\n<\/tr>\r\n<tr>\r\n<td>\r\n<div align=\"center\"><img loading=\"lazy\" decoding=\"async\" class=\"alignnone wp-image-3238 size-full\" src=\"https:\/\/www.fagas.co\/portal\/wp-content\/uploads\/2022\/06\/logoconv.png\" alt=\"\" width=\"160\" height=\"45\" \/><\/div><\/td>\r\n<td><strong>Academia de idiomas Smart:<\/strong><\/td>\r\n<\/tr>\r\n<tr>\r\n<td>\r\n<div align=\"center\"><img loading=\"lazy\" decoding=\"async\" class=\"alignnone wp-image-3238 size-full\" src=\"https:\/\/www.fagas.co\/portal\/wp-content\/uploads\/2021\/11\/uamerica.png\" alt=\"\" width=\"160\" height=\"45\" \/><\/div><\/td>\r\n<td><strong>Fundaci\u00f3n Universidad de Am\u00e9rica:<\/strong><\/td>\r\n<\/tr>\r\n<tr>\r\n<td>\r\n<div align=\"center\"><img loading=\"lazy\" decoding=\"async\" class=\"alignnone wp-image-3239 size-full\" src=\"https:\/\/www.fagas.co\/portal\/wp-content\/uploads\/2021\/11\/berlitz.png\" alt=\"\" width=\"177\" height=\"50\" \/><\/div><\/td>\r\n<td><strong>Berlitz:<\/strong><\/td>\r\n<\/tr>\r\n<tr>\r\n<td>\r\n<div align=\"center\"><img loading=\"lazy\" decoding=\"async\" class=\"alignnone wp-image-3236 size-full\" src=\"https:\/\/www.fagas.co\/portal\/wp-content\/uploads\/2021\/11\/aula247.png\" alt=\"\" width=\"221\" height=\"62\" \/><\/div><\/td>\r\n<td><strong>Aula 247:<\/strong><\/td>\r\n<\/tr>\r\n<tr>\r\n<td>\r\n<div align=\"center\"><img loading=\"lazy\" decoding=\"async\" class=\"alignnone wp-image-3240 size-full\" src=\"https:\/\/www.fagas.co\/portal\/wp-content\/uploads\/2021\/11\/uniminuto.png\" alt=\"\" width=\"201\" height=\"40\" \/><\/div><\/td>\r\n<td><strong>Uniminuto:<\/strong><\/td>\r\n<\/tr>\r\n<tr>\r\n<td>\r\n<div align=\"center\"><img loading=\"lazy\" decoding=\"async\" class=\"alignnone wp-image-3235 size-full\" src=\"https:\/\/www.fagas.co\/portal\/wp-content\/uploads\/2021\/11\/opene.png\" alt=\"\" width=\"170\" height=\"65\" \/><\/div><\/td>\r\n<td><strong>Open English:<\/strong><\/td>\r\n<\/tr>\r\n<tr>\r\n<td>\r\n<div align=\"center\"><img loading=\"lazy\" decoding=\"async\" class=\"alignnone wp-image-3237 size-full\" src=\"https:\/\/www.fagas.co\/portal\/wp-content\/uploads\/2021\/11\/cun.png\" alt=\"\" width=\"160\" height=\"60\" \/><\/div><\/td>\r\n<td><i><b>Aprovecha nuestra alianza y cumple tu sue\u00f1o de ser profesional, disfruta de descuentos del 25% en nuestros programas virtual y 65% en modalidad presencial para mayor informaci\u00f3n comun\u00edcate a la l\u00ednea 313 342 7474.<\/b><\/i><\/td>\r\n<\/tr>\r\n<tr>\r\n<td><\/td>\r\n<td><strong><span lang=\"ES-CO\" xml:lang=\"ES-CO\">Parque y Cines:<\/span><\/strong><span lang=\"ES-CO\" xml:lang=\"ES-CO\">\u00a0Satisfacemos la necesidad cultural, social y general a trav\u00e9s convenios con parques y salas de cine. A trav\u00e9s de FAGAS obtiene importantes descuentos.<\/span><\/td>\r\n<\/tr>\r\n<tr>\r\n<td><\/td>\r\n<td>\r\n<div align=\"center\"><img loading=\"lazy\" decoding=\"async\" src=\"https:\/\/www.fagas.co\/portal\/wp-content\/uploads\/2019\/04\/conve22.jpg\" width=\"590\" height=\"75\" \/><\/div><\/td>\r\n<\/tr>\r\n<\/tbody>\r\n<\/table>\r\n[\/vc_column_text][\/vc_column][\/vc_row]<\/div>","protected":false},"excerpt":{"rendered":"[vc_row css=&#8221;.vc_custom_1673235105295{background-color: #ffffff !important;}&#8221;][vc_column][vc_column_text] FAGAS\u00a0le ofrece una gran variedad de convenios con una alta calidad en la prestaci\u00f3n de servicios, que tienen como objetivo satisfacer las necesidades de nuestros asociados y su grupo familiar, con tarifas preferenciales y atractivos descuentos&#8230;.","protected":false},"author":1,"featured_media":0,"parent":0,"menu_order":0,"comment_status":"closed","ping_status":"closed","template":"","meta":{"_acf_changed":false,"footnotes":""},"class_list":["post-1598","page","type-page","status-publish","hentry"],"acf":[],"_links":{"self":[{"href":"https:\/\/www.fagas.co\/portal\/wp-json\/wp\/v2\/pages\/1598","targetHints":{"allow":["GET"]}}],"collection":[{"href":"https:\/\/www.fagas.co\/portal\/wp-json\/wp\/v2\/pages"}],"about":[{"href":"https:\/\/www.fagas.co\/portal\/wp-json\/wp\/v2\/types\/page"}],"author":[{"embeddable":true,"href":"https:\/\/www.fagas.co\/portal\/wp-json\/wp\/v2\/users\/1"}],"replies":[{"embeddable":true,"href":"https:\/\/www.fagas.co\/portal\/wp-json\/wp\/v2\/comments?post=1598"}],"version-history":[{"count":19,"href":"https:\/\/www.fagas.co\/portal\/wp-json\/wp\/v2\/pages\/1598\/revisions"}],"predecessor-version":[{"id":4185,"href":"https:\/\/www.fagas.co\/portal\/wp-json\/wp\/v2\/pages\/1598\/revisions\/4185"}],"wp:attachment":[{"href":"https:\/\/www.fagas.co\/portal\/wp-json\/wp\/v2\/media?parent=1598"}],"curies":[{"name":"wp","href":"https:\/\/api.w.org\/{rel}","templated":true}]}}